{"id":19381417,"date":"2025-12-23T17:38:20","date_gmt":"2025-12-23T16:38:20","guid":{"rendered":"https:\/\/www.metrologicdcs.com\/servizi-di-ingegneria-dimensionale-dcs\/"},"modified":"2026-04-23T09:18:05","modified_gmt":"2026-04-23T07:18:05","slug":"servizi-di-ingegneria-dimensionale-dcs","status":"publish","type":"page","link":"https:\/\/www.metrologicdcs.com\/it\/servizi-di-ingegneria-dimensionale-dcs\/","title":{"rendered":"servizi di ingegneria dimensionale-dcs"},"content":{"rendered":"\t\t<div data-elementor-type=\"wp-page\" data-elementor-id=\"19381417\" class=\"elementor elementor-19381417 elementor-19378892\" data-elementor-post-type=\"page\">\n\t\t\t\t<div class=\"elementor-element elementor-element-c95aeb2 e-con-full e-flex e-con e-parent\" data-id=\"c95aeb2\" data-element_type=\"container\" data-e-type=\"container\">\n\t\t\t\t<div class=\"elementor-element elementor-element-5e2c1b4 elementor-widget elementor-widget-shortcode\" data-id=\"5e2c1b4\" data-element_type=\"widget\" data-e-type=\"widget\" data-widget_type=\"shortcode.default\">\n\t\t\t\t<div class=\"elementor-widget-container\">\n\t\t\t\t\t\t\t<div class=\"elementor-shortcode\">\t\t<div data-elementor-type=\"section\" data-elementor-id=\"19378584\" class=\"elementor elementor-19378584\" data-elementor-post-type=\"elementor_library\">\n\t\t\t<div class=\"elementor-element elementor-element-167f7a5 padding-section e-flex e-con-boxed e-con e-parent\" data-id=\"167f7a5\" data-element_type=\"container\" data-e-type=\"container\" data-settings=\"{&quot;background_background&quot;:&quot;gradient&quot;}\">\n\t\t\t\t\t<div class=\"e-con-inner\">\n\t\t\t\t<div class=\"elementor-element elementor-element-fa675b9 elementor-widget elementor-widget-html\" data-id=\"fa675b9\" data-element_type=\"widget\" data-e-type=\"widget\" data-widget_type=\"html.default\">\n\t\t\t\t<div class=\"elementor-widget-container\">\n\t\t\t\t\t<div class=\"wave-big wave-white\">\r\n\t<div class=\"wave-big wave-white\">\r\n\t\t<div class=\"wave-big wave-white\">\r\n\t\t\t<div class=\"wave-big wave-white\">\r\n\t\t\t\t<div class=\"wave-big wave-white\">\r\n\t\t\t\t\t<div class=\"wave-big wave-white\">\r\n\t\t\t\t\t\t<div class=\"wave-big wave-white\">\r\n\t\t\t\t\t\t\t<div class=\"wave-big wave-white\">\r\n\t\t\t\t\t\t\t<\/div>\r\n\t\t\t\t\t\t<\/div>\r\n\t\t\t\t\t<\/div>\r\n\t\t\t\t<\/div>\r\n\t\t\t<\/div>\t\r\n\t\t<\/div>\r\n\t<\/div>\r\n<\/div>\t\t\t\t<\/div>\n\t\t\t\t<\/div>\n\t\t<div class=\"elementor-element elementor-element-806659b e-con-full animated-slow e-flex elementor-invisible e-con e-child\" data-id=\"806659b\" data-element_type=\"container\" data-e-type=\"container\" data-settings=\"{&quot;background_background&quot;:&quot;classic&quot;,&quot;animation&quot;:&quot;fadeIn&quot;}\">\n\t\t\t\t<div class=\"elementor-element elementor-element-f8466ed elementor-widget__width-inherit elementor-widget elementor-widget-heading\" data-id=\"f8466ed\" data-element_type=\"widget\" data-e-type=\"widget\" data-widget_type=\"heading.default\">\n\t\t\t\t<div class=\"elementor-widget-container\">\n\t\t\t\t\t<h1 class=\"elementor-heading-title elementor-size-default\">Servizi e assistenza<\/h1>\t\t\t\t<\/div>\n\t\t\t\t<\/div>\n\t\t\t\t<div class=\"elementor-element elementor-element-c8e6bd6 elementor-widget elementor-widget-text-editor\" data-id=\"c8e6bd6\" data-element_type=\"widget\" data-e-type=\"widget\" data-widget_type=\"text-editor.default\">\n\t\t\t\t<div class=\"elementor-widget-container\">\n\t\t\t\t\t\t\t\t\t<p>DCS offre una serie di servizi per supportare le tue iniziative di qualit\u00e0<\/p>\n\t\t\t\t\t\t\t\t<\/div>\n\t\t\t\t<\/div>\n\t\t\t\t<\/div>\n\t\t<div class=\"elementor-element elementor-element-891e0f4 e-con-full e-flex e-con e-child\" data-id=\"891e0f4\" data-element_type=\"container\" data-e-type=\"container\">\n\t\t\t\t<\/div>\n\t\t\t\t\t<\/div>\n\t\t\t\t<\/div>\n\t\t\t\t<\/div>\n\t\t<\/div>\n\t\t\t\t\t\t<\/div>\n\t\t\t\t<\/div>\n\t\t\t\t<\/div>\n\t\t<div class=\"elementor-element elementor-element-f142c1e padding-section e-flex e-con-boxed e-con e-parent\" data-id=\"f142c1e\" data-element_type=\"container\" data-e-type=\"container\" data-settings=\"{&quot;background_background&quot;:&quot;classic&quot;}\">\n\t\t\t\t\t<div class=\"e-con-inner\">\n\t\t\t\t<div class=\"elementor-element elementor-element-e6d8f85 e-n-tabs-mobile elementor-widget elementor-widget-n-tabs\" data-id=\"e6d8f85\" data-element_type=\"widget\" data-e-type=\"widget\" data-widget_type=\"nested-tabs.default\">\n\t\t\t\t<div class=\"elementor-widget-container\">\n\t\t\t\t\t\t\t<div class=\"e-n-tabs\" data-widget-number=\"242061189\" aria-label=\"Schede. Apri gli elementi con Invio o Spazio, chiudili con Esc e naviga con i tasti freccia.\">\n\t\t\t<div class=\"e-n-tabs-heading\" role=\"tablist\">\n\t\t\t\t\t<button id=\"e-n-tab-title-2420611891\" data-tab-title-id=\"e-n-tab-title-2420611891\" class=\"e-n-tab-title\" aria-selected=\"true\" data-tab-index=\"1\" role=\"tab\" tabindex=\"0\" aria-controls=\"e-n-tab-content-2420611891\" style=\"--n-tabs-title-order: 1;\">\n\t\t\t\t\t\t<span class=\"e-n-tab-title-text\">\n\t\t\t\tFormazione sull'analisi dello stack di tolleranza<br><i>Il corso fornisce le conoscenze teoriche e pratiche per eseguire il calcolo dello stack e include esercitazioni pratiche di problemi generici, esercizi e soluzioni complete di problemi reali.<\/i>\t\t\t<\/span>\n\t\t<\/button>\n\t\t\t\t<button id=\"e-n-tab-title-2420611892\" data-tab-title-id=\"e-n-tab-title-2420611892\" class=\"e-n-tab-title\" aria-selected=\"false\" data-tab-index=\"2\" role=\"tab\" tabindex=\"-1\" aria-controls=\"e-n-tab-content-2420611892\" style=\"--n-tabs-title-order: 2;\">\n\t\t\t\t\t\t<span class=\"e-n-tab-title-text\">\n\t\t\t\tFormazione sul software<br><i> Ricevi una formazione sul software di analisi delle tolleranze leader nel mondo.<\/i>\t\t\t<\/span>\n\t\t<\/button>\n\t\t\t\t<button id=\"e-n-tab-title-2420611893\" data-tab-title-id=\"e-n-tab-title-2420611893\" class=\"e-n-tab-title\" aria-selected=\"false\" data-tab-index=\"3\" role=\"tab\" tabindex=\"-1\" aria-controls=\"e-n-tab-content-2420611893\" style=\"--n-tabs-title-order: 3;\">\n\t\t\t\t\t\t<span class=\"e-n-tab-title-text\">\n\t\t\t\tConsulenza sui processi di qualit\u00e0<br><i>Il team di esperti di qualit\u00e0 di DCS pu\u00f2 fornire un feedback sui tuoi processi di qualit\u00e0, aiutandoti ad automatizzare e digitalizzare le ispezioni di qualit\u00e0.<\/i>\t\t\t<\/span>\n\t\t<\/button>\n\t\t\t\t<button id=\"e-n-tab-title-2420611894\" data-tab-title-id=\"e-n-tab-title-2420611894\" class=\"e-n-tab-title\" aria-selected=\"false\" data-tab-index=\"4\" role=\"tab\" tabindex=\"-1\" aria-controls=\"e-n-tab-content-2420611894\" style=\"--n-tabs-title-order: 4;\">\n\t\t\t\t\t\t<span class=\"e-n-tab-title-text\">\n\t\t\t\tFormazione GD&amp;T<br><i> I formatori certificati ASME di DCS possono fornire al tuo team gli strumenti necessari per utilizzare gli attuali metodi GD&amp;T per creare e leggere disegni e modelli.<\/i>\t\t\t<\/span>\n\t\t<\/button>\n\t\t\t\t\t<\/div>\n\t\t\t<div class=\"e-n-tabs-content\">\n\t\t\t\t<div id=\"e-n-tab-content-2420611891\" role=\"tabpanel\" aria-labelledby=\"e-n-tab-title-2420611891\" data-tab-index=\"1\" style=\"--n-tabs-title-order: 1;\" class=\"e-active elementor-element elementor-element-704df65 e-con-full e-flex e-con e-child\" data-id=\"704df65\" data-element_type=\"container\" data-e-type=\"container\">\n\t\t\t\t<div class=\"elementor-element elementor-element-e8901b8 elementor-widget elementor-widget-text-editor\" data-id=\"e8901b8\" data-element_type=\"widget\" data-e-type=\"widget\" data-widget_type=\"text-editor.default\">\n\t\t\t\t<div class=\"elementor-widget-container\">\n\t\t\t\t\t\t\t\t\t<p><strong>Descrizione del corso<\/strong><\/p>\n<p>L&#8217;analisi dello stack di tolleranze studia la relazione reciproca tra i limiti di deviazione consentiti tra parti e assiemi. Il calcolo dello stack migliora la comprensione della soluzione progettuale, permette di identificare precocemente i problemi gi\u00e0 in fase di progettazione, costituisce la base per il processo decisionale e viene utilizzato per ottimizzare le tolleranze al fine di ridurre i costi e migliorare le prestazioni del prodotto. <\/p>\n<p>Questo corso fornisce le conoscenze teoriche e pratiche per eseguire il calcolo della pila e include esercizi pratici di problemi generici, esercizi e soluzioni complete di problemi reali (la possibilit\u00e0 di applicare gli esercizi a parti e assiemi della tua azienda \u00e8 subordinata alla presentazione di disegni e assiemi). Si tratta di un corso avanzato di GD&amp;T. <\/p>\n<p><strong>Contenuto del corso<\/strong><\/p>\n<ul>\n<li>Introduzione e definizioni di calcolo della pila di tolleranza<\/li>\n<li>Principi e regole di calcolo dello stack<\/li>\n<li>Diagramma di tolleranza<\/li>\n<li>Pila di tolleranze &#8211; colata e concentricit\u00e0 (parte, assemblaggio)<\/li>\n<li>Pila di tolleranze &#8211; profilo (parte, assieme)<\/li>\n<li>Pila di tolleranza &#8211; posizione<\/li>\n<li>Pila di tolleranze &#8211; posizione con condizioni del materiale &#8211; bonus e turno (parte, assemblaggio)<\/li>\n<li>Pila di tolleranza &#8211; forma (Feature, FOS, Feature-of-Size)<\/li>\n<li>Pila di tolleranza &#8211; orientamento (Caratteristica, FOS)<\/li>\n<li>Calcolo integrato dello stack di tolleranza (parte, assieme)<\/li>\n<li>Applicazione del calcolo della pila di tolleranza all&#8217;ottimizzazione della tolleranza<\/li>\n<li>Esercizio pratico di riepilogo<\/li>\n<\/ul>\t\t\t\t\t\t\t\t<\/div>\n\t\t\t\t<\/div>\n\t\t\t\t<\/div>\n\t\t<div id=\"e-n-tab-content-2420611892\" role=\"tabpanel\" aria-labelledby=\"e-n-tab-title-2420611892\" data-tab-index=\"2\" style=\"--n-tabs-title-order: 2;\" class=\" elementor-element elementor-element-fa19a94 e-con-full e-flex e-con e-child\" data-id=\"fa19a94\" data-element_type=\"container\" data-e-type=\"container\">\n\t\t\t\t<div class=\"elementor-element elementor-element-798d018 elementor-widget elementor-widget-image\" data-id=\"798d018\" data-element_type=\"widget\" data-e-type=\"widget\" data-widget_type=\"image.default\">\n\t\t\t\t<div class=\"elementor-widget-container\">\n\t\t\t\t\t\t\t\t\t\t\t\t\t\t\t<img decoding=\"async\" width=\"800\" height=\"428\" src=\"https:\/\/www.metrologicdcs.com\/wp-content\/uploads\/3DCS-separated-cellphone-analysis-1.webp\" class=\"attachment-large size-large wp-image-19381421\" alt=\"\" srcset=\"https:\/\/www.metrologicdcs.com\/wp-content\/uploads\/3DCS-separated-cellphone-analysis-1.webp 846w, https:\/\/www.metrologicdcs.com\/wp-content\/uploads\/3DCS-separated-cellphone-analysis-1-600x321.webp 600w, https:\/\/www.metrologicdcs.com\/wp-content\/uploads\/3DCS-separated-cellphone-analysis-1-400x214.webp 400w, https:\/\/www.metrologicdcs.com\/wp-content\/uploads\/3DCS-separated-cellphone-analysis-1-768x411.webp 768w\" sizes=\"(max-width: 800px) 100vw, 800px\" \/>\t\t\t\t\t\t\t\t\t\t\t\t\t\t\t<\/div>\n\t\t\t\t<\/div>\n\t\t\t\t<div class=\"elementor-element elementor-element-b7dc03e elementor-widget elementor-widget-text-editor\" data-id=\"b7dc03e\" data-element_type=\"widget\" data-e-type=\"widget\" data-widget_type=\"text-editor.default\">\n\t\t\t\t<div class=\"elementor-widget-container\">\n\t\t\t\t\t\t\t\t\t<p>I nostri corsi preparano i tuoi dipendenti ad affrontare le sfide dell&#8217;ingegneria dimensionale. Ognuno di essi offre esempi reali per rendere il materiale interessante, istruttivo e applicabile al tuo ambiente software. <\/p><p>Offriamo ai clienti l&#8217;opportunit\u00e0 di rafforzare le proprie competenze e ampliare le proprie conoscenze in diversi campi. In qualit\u00e0 di cliente della 3DCS, potrai avvalerti di esperti in Statistica ingegneristica, Dimensionamento e Tolleranza Geometrica (GD&amp;T) certificati ASME e <a href=\"https:\/\/www.metrologicdcs.com\/it\/3dcs\/\">soluzioni software 3DCS: la<\/a>stessa formazione che rende i nostri dipendenti i migliori del settore. <\/p><div><strong>Formazione software di base<\/strong><\/div><ul><li><span style=\"background-color: transparent;\">VA (40 ore) &#8211; Analista delle variazioni 3DCS<\/span><\/li><li><span style=\"background-color: transparent;\">VA (24 ore) &#8211; Analista delle variazioni 3DCS<\/span><\/li><li><span style=\"background-color: transparent;\">DVM &#8211; Modellatore di variazioni di progetto 3DCS<\/span><\/li><\/ul><div><strong>Formazione sul software aggiuntivo<\/strong><\/div><ul><li><span style=\"background-color: transparent;\">CM &#8211; Compliant Modeler FEA<\/span><\/li><li><span style=\"background-color: transparent;\">MM &#8211; Modellatore meccanico<\/span><\/li><li><span style=\"background-color: transparent;\">AAO &#8211; Analizzatori e ottimizzatori avanzati<\/span><\/li><\/ul><div><strong>Formazione software aggiuntiva o formazione software personalizzata<\/strong><\/div><ul><li><span style=\"background-color: transparent;\">Mentoring<\/span><\/li><\/ul>\t\t\t\t\t\t\t\t<\/div>\n\t\t\t\t<\/div>\n\t\t\t\t<\/div>\n\t\t<div id=\"e-n-tab-content-2420611893\" role=\"tabpanel\" aria-labelledby=\"e-n-tab-title-2420611893\" data-tab-index=\"3\" style=\"--n-tabs-title-order: 3;\" class=\" elementor-element elementor-element-a5abd90 e-con-full e-flex e-con e-child\" data-id=\"a5abd90\" data-element_type=\"container\" data-e-type=\"container\">\n\t\t\t\t<div class=\"elementor-element elementor-element-c877af6 elementor-widget elementor-widget-text-editor\" data-id=\"c877af6\" data-element_type=\"widget\" data-e-type=\"widget\" data-widget_type=\"text-editor.default\">\n\t\t\t\t<div class=\"elementor-widget-container\">\n\t\t\t\t\t\t\t\t\t<h4>Comprendere e automatizzare i processi di qualit\u00e0<\/h4>\n<p>La qualit\u00e0 \u00e8 importante. Ottenere risultati e miglioramenti reali dai processi di qualit\u00e0 non \u00e8 per\u00f2 facile. La raccolta di dati e misurazioni \u00e8 solo il primo passo, perch\u00e9 prendere decisioni attuabili a partire da quei dati pu\u00f2 richiedere molte ore di immersione in grandi serie di dati, di esame di enormi fogli di calcolo e di elaborazione di statistiche.  &nbsp;<\/p>\n<ul>\n<li>Le consulenze sulla qualit\u00e0 sono eseguite da Six Sigma Black Belt certificate.<\/li>\n<li>Il rapporto finale include miglioramenti del processo, suggerimenti sul sistema di qualit\u00e0 e tecniche di automazione.<\/li>\n<li><strong>Ottieni una valutazione di base gratuita!<\/strong><span>&nbsp;<\/span>Decidi in seguito se utilizzare DCS o il tuo personale interno addetto alla qualit\u00e0.&nbsp;<\/li>\n<\/ul>\t\t\t\t\t\t\t\t<\/div>\n\t\t\t\t<\/div>\n\t\t\t\t<\/div>\n\t\t<div id=\"e-n-tab-content-2420611894\" role=\"tabpanel\" aria-labelledby=\"e-n-tab-title-2420611894\" data-tab-index=\"4\" style=\"--n-tabs-title-order: 4;\" class=\" elementor-element elementor-element-08a6804 e-con-full e-flex e-con e-child\" data-id=\"08a6804\" data-element_type=\"container\" data-e-type=\"container\">\n\t\t\t\t<div class=\"elementor-element elementor-element-a92d55d elementor-widget elementor-widget-text-editor\" data-id=\"a92d55d\" data-element_type=\"widget\" data-e-type=\"widget\" data-widget_type=\"text-editor.default\">\n\t\t\t\t<div class=\"elementor-widget-container\">\n\t\t\t\t\t\t\t\t\t<h4>Perch\u00e9 adottare il GD&amp;T nella tua azienda?<\/h4>\n<p>Ci sono diversi motivi per adottare il GD&amp;T nella tua azienda:<\/p>\n<p><strong>Chiarezza e coerenza nel processo di progettazione<\/strong><em>. <\/em>Il GD&amp;T fornisce un metodo chiaro e conciso per definire un sistema di coordinate di riferimento su un componente o un assieme che pu\u00f2 essere utilizzato durante la produzione e l&#8217;ispezione. In questo modo si riducono le interpretazioni errate e la necessit\u00e0 di &nbsp;<a href=\"https:\/\/www.metrologicdcs.com\/waste-vs-scrap-one-and-the-same\/\">costose modifiche ingegneristiche e rilavorazioni<\/a> che possono derivare da una mancanza di chiarezza.<\/p>\n<p><strong>Un drastico risparmio di tempo<\/strong><em>. <\/em>Utilizzando il GD&amp;T, gli ingegneri riducono drasticamente la necessit\u00e0 di utilizzare le note di disegno per descrivere i requisiti geometrici complessi di componenti e assiemi.<\/p>\n<p><strong>Si adatta ai metodi di progettazione e produzione accettati<\/strong><em>. <\/em>L&#8217;applicazione corretta della GD&amp;T \u00e8 strettamente legata ai processi di progettazione meccanica accettati e logici e alle considerazioni sulla progettazione per la produzione. Ad esempio, le variazioni ammissibili definite dalla GD&amp;T possono essere lette direttamente, o &#8220;importate&#8221;, in un sistema tridimensionale. &nbsp;<a href=\"https:\/\/www.metrologicdcs.com\/it\/3dcs\/\">software di analisi delle tolleranze<\/a> come il 3DCS.<\/p>\n<p>DCS offre corsi iniziali e avanzati di GD&amp;T per far s\u00ec che il tuo team sia in grado di applicare i concetti di GD&amp;T.<\/p>\n<div><strong>Formazione GD&amp;T<\/strong><\/div>\n<ul>\n<li><span style=\"background-color: transparent;\">GD&amp;T di base (8 ore)<\/span><\/li>\n<li><span style=\"background-color: transparent;\">GD&amp;T avanzato (24 ore)<\/span><\/li>\n<\/ul>\t\t\t\t\t\t\t\t<\/div>\n\t\t\t\t<\/div>\n\t\t\t\t<\/div>\n\t\t\t\t\t<\/div>\n\t\t<\/div>\n\t\t\t\t\t\t<\/div>\n\t\t\t\t<\/div>\n\t\t\t\t\t<\/div>\n\t\t\t\t<\/div>\n\t\t<div class=\"elementor-element elementor-element-4d54eba e-con-full padding-section e-flex e-con e-parent\" data-id=\"4d54eba\" data-element_type=\"container\" data-e-type=\"container\" data-settings=\"{&quot;background_background&quot;:&quot;classic&quot;}\">\n\t\t<div class=\"elementor-element elementor-element-f3b1744 e-con-full e-flex elementor-invisible e-con e-child\" data-id=\"f3b1744\" data-element_type=\"container\" data-e-type=\"container\" data-settings=\"{&quot;background_background&quot;:&quot;gradient&quot;,&quot;animation&quot;:&quot;fadeInUp&quot;}\">\n\t\t<div class=\"elementor-element elementor-element-1948a2d e-con-full e-flex e-con e-child\" data-id=\"1948a2d\" data-element_type=\"container\" data-e-type=\"container\">\n\t\t\t\t<div class=\"elementor-element elementor-element-db89cac elementor-widget__width-initial elementor-widget elementor-widget-heading\" data-id=\"db89cac\" data-element_type=\"widget\" data-e-type=\"widget\" data-widget_type=\"heading.default\">\n\t\t\t\t<div class=\"elementor-widget-container\">\n\t\t\t\t\t<div class=\"elementor-heading-title elementor-size-default\">Parla con i nostri specialisti oggi\n<\/div>\t\t\t\t<\/div>\n\t\t\t\t<\/div>\n\t\t\t\t<div class=\"elementor-element elementor-element-cbeec35 elementor-widget elementor-widget-text-editor\" data-id=\"cbeec35\" data-element_type=\"widget\" data-e-type=\"widget\" data-widget_type=\"text-editor.default\">\n\t\t\t\t<div class=\"elementor-widget-container\">\n\t\t\t\t\t\t\t\t\tParla con il team di assistenza DCS per scoprire come DCS pu\u00f2 aiutarti ad avere successo, riducendo i tempi di consegna e fornendo un prezioso feedback sui prodotti.  \t\t\t\t\t\t\t\t<\/div>\n\t\t\t\t<\/div>\n\t\t\t\t<\/div>\n\t\t\t\t<div class=\"elementor-element elementor-element-53a762f light-btn request-demo elementor-widget elementor-widget-button\" data-id=\"53a762f\" data-element_type=\"widget\" data-e-type=\"widget\" data-widget_type=\"button.default\">\n\t\t\t\t<div class=\"elementor-widget-container\">\n\t\t\t\t\t\t\t\t\t<div class=\"elementor-button-wrapper\">\n\t\t\t\t\t<a class=\"elementor-button elementor-button-link elementor-size-sm\" href=\"https:\/\/www.metrologicdcs.com\/it\/richiedi-una-demo\/\">\n\t\t\t\t\t\t<span class=\"elementor-button-content-wrapper\">\n\t\t\t\t\t\t<span class=\"elementor-button-icon\">\n\t\t\t\t<svg aria-hidden=\"true\" class=\"e-font-icon-svg e-fas-angle-right\" viewBox=\"0 0 256 512\" xmlns=\"http:\/\/www.w3.org\/2000\/svg\"><path d=\"M224.3 273l-136 136c-9.4 9.4-24.6 9.4-33.9 0l-22.6-22.6c-9.4-9.4-9.4-24.6 0-33.9l96.4-96.4-96.4-96.4c-9.4-9.4-9.4-24.6 0-33.9L54.3 103c9.4-9.4 24.6-9.4 33.9 0l136 136c9.5 9.4 9.5 24.6.1 34z\"><\/path><\/svg>\t\t\t<\/span>\n\t\t\t\t\t\t\t\t\t<span class=\"elementor-button-text\">Contatta Metrologic DCS<\/span>\n\t\t\t\t\t<\/span>\n\t\t\t\t\t<\/a>\n\t\t\t\t<\/div>\n\t\t\t\t\t\t\t\t<\/div>\n\t\t\t\t<\/div>\n\t\t\t\t<\/div>\n\t\t\t\t<\/div>\n\t\t\t\t<\/div>\n\t\t","protected":false},"excerpt":{"rendered":"<p>Formazione sull&#8217;analisi dello stack di tolleranzaIl corso fornisce le conoscenze teoriche e pratiche per eseguire il calcolo dello stack e include esercitazioni pratiche di problemi generici, esercizi e soluzioni complete di problemi reali. Formazione sul software Ricevi una formazione sul software di analisi delle tolleranze leader nel mondo. Consulenza sui processi di qualit\u00e0Il team di [&hellip;]<\/p>\n","protected":false},"author":2,"featured_media":0,"parent":0,"menu_order":0,"comment_status":"closed","ping_status":"closed","template":"elementor_header_footer","meta":{"_acf_changed":false,"footnotes":""},"categories":[],"class_list":["post-19381417","page","type-page","status-publish","hentry"],"acf":[],"_links":{"self":[{"href":"https:\/\/www.metrologicdcs.com\/it\/wp-json\/wp\/v2\/pages\/19381417","targetHints":{"allow":["GET"]}}],"collection":[{"href":"https:\/\/www.metrologicdcs.com\/it\/wp-json\/wp\/v2\/pages"}],"about":[{"href":"https:\/\/www.metrologicdcs.com\/it\/wp-json\/wp\/v2\/types\/page"}],"author":[{"embeddable":true,"href":"https:\/\/www.metrologicdcs.com\/it\/wp-json\/wp\/v2\/users\/2"}],"replies":[{"embeddable":true,"href":"https:\/\/www.metrologicdcs.com\/it\/wp-json\/wp\/v2\/comments?post=19381417"}],"version-history":[{"count":2,"href":"https:\/\/www.metrologicdcs.com\/it\/wp-json\/wp\/v2\/pages\/19381417\/revisions"}],"predecessor-version":[{"id":19387453,"href":"https:\/\/www.metrologicdcs.com\/it\/wp-json\/wp\/v2\/pages\/19381417\/revisions\/19387453"}],"wp:attachment":[{"href":"https:\/\/www.metrologicdcs.com\/it\/wp-json\/wp\/v2\/media?parent=19381417"}],"wp:term":[{"taxonomy":"category","embeddable":true,"href":"https:\/\/www.metrologicdcs.com\/it\/wp-json\/wp\/v2\/categories?post=19381417"}],"curies":[{"name":"wp","href":"https:\/\/api.w.org\/{rel}","templated":true}]}}