{"id":19373529,"date":"2025-03-03T11:04:14","date_gmt":"2025-03-03T10:04:14","guid":{"rendered":"https:\/\/www.metrologicdcs.com\/pianificazione-del-percorso-di-ispezione\/"},"modified":"2026-02-24T14:31:23","modified_gmt":"2026-02-24T13:31:23","slug":"pianificazione-del-percorso-di-ispezione","status":"publish","type":"page","link":"https:\/\/www.metrologicdcs.com\/it\/pianificazione-del-percorso-di-ispezione\/","title":{"rendered":"Pianificazione del percorso di ispezione"},"content":{"rendered":"\t\t<div data-elementor-type=\"wp-page\" data-elementor-id=\"19373529\" class=\"elementor elementor-19373529 elementor-862\" data-elementor-post-type=\"page\">\n\t\t\t\t<div class=\"elementor-element elementor-element-22e5206 padding-section e-flex e-con-boxed e-con e-parent\" data-id=\"22e5206\" data-element_type=\"container\" data-e-type=\"container\" data-settings=\"{&quot;background_background&quot;:&quot;classic&quot;}\">\n\t\t\t\t\t<div class=\"e-con-inner\">\n\t\t<div class=\"elementor-element elementor-element-148cd47 e-con-full e-flex e-con e-child\" data-id=\"148cd47\" data-element_type=\"container\" data-e-type=\"container\" data-settings=\"{&quot;background_background&quot;:&quot;classic&quot;}\">\n\t\t\t\t<div class=\"elementor-element elementor-element-fb38f79 elementor-widget__width-inherit elementor-widget elementor-widget-heading\" data-id=\"fb38f79\" data-element_type=\"widget\" data-e-type=\"widget\" data-widget_type=\"heading.default\">\n\t\t\t\t<div class=\"elementor-widget-container\">\n\t\t\t\t\t<h1 class=\"elementor-heading-title elementor-size-default\">Genera traiettorie di misurazione intelligenti in pochi clic<\/h1>\t\t\t\t<\/div>\n\t\t\t\t<\/div>\n\t\t\t\t<div class=\"elementor-element elementor-element-e794861 elementor-icon-list--layout-traditional elementor-list-item-link-full_width elementor-widget elementor-widget-icon-list\" data-id=\"e794861\" data-element_type=\"widget\" data-e-type=\"widget\" data-widget_type=\"icon-list.default\">\n\t\t\t\t<div class=\"elementor-widget-container\">\n\t\t\t\t\t\t\t<ul class=\"elementor-icon-list-items\">\n\t\t\t\t\t\t\t<li class=\"elementor-icon-list-item\">\n\t\t\t\t\t\t\t\t\t\t\t<span class=\"elementor-icon-list-icon\">\n\t\t\t\t\t\t\t<svg xmlns=\"http:\/\/www.w3.org\/2000\/svg\" viewBox=\"1.4210854715202004e-14 8.881784197001252e-15 6.674726492613843 6.674726492613841\" width=\"30\" height=\"30\"><path fill-rule=\"evenodd\" fill=\"#acacac\" d=\"m3.3 2.5q0.2 0 0.4 0.1 0.2 0.1 0.3 0.3 0.2 0.2 0.2 0.4 0 0.2-0.1 0.4-0.1 0.2-0.3 0.3-0.2 0.2-0.5 0.2-0.2 0-0.4-0.1-0.1-0.1-0.2-0.3-0.2-0.2-0.2-0.5 0-0.1 0.1-0.3 0.1-0.2 0.3-0.4 0.2-0.1 0.4-0.1zm0 0.2q-0.1 0-0.2 0.1-0.2 0-0.3 0.1-0.1 0.2-0.1 0.4 0 0.2 0.1 0.3 0 0.1 0.1 0.2 0.2 0.2 0.4 0.2 0.2 0 0.3-0.1 0.2-0.1 0.2-0.2 0.2-0.2 0.2-0.4 0-0.1-0.1-0.2-0.1-0.2-0.2-0.3-0.2-0.1-0.4-0.1z\"><\/path><path fill-rule=\"evenodd\" d=\"m0 0l6.7 6.7z\"><\/path><\/svg>\t\t\t\t\t\t<\/span>\n\t\t\t\t\t\t\t\t\t\t<span class=\"elementor-icon-list-text\">Riduci il tempo di programmazione fino al 60% grazie al rilevamento e all'evitamento automatico delle collisioni, all'orientamento della sonda e alla selezione degli utensili.<\/span>\n\t\t\t\t\t\t\t\t\t<\/li>\n\t\t\t\t\t\t\t\t<li class=\"elementor-icon-list-item\">\n\t\t\t\t\t\t\t\t\t\t\t<span class=\"elementor-icon-list-icon\">\n\t\t\t\t\t\t\t<svg xmlns=\"http:\/\/www.w3.org\/2000\/svg\" viewBox=\"1.4210854715202004e-14 8.881784197001252e-15 6.674726492613843 6.674726492613841\" width=\"30\" height=\"30\"><path fill-rule=\"evenodd\" fill=\"#acacac\" d=\"m3.3 2.5q0.2 0 0.4 0.1 0.2 0.1 0.3 0.3 0.2 0.2 0.2 0.4 0 0.2-0.1 0.4-0.1 0.2-0.3 0.3-0.2 0.2-0.5 0.2-0.2 0-0.4-0.1-0.1-0.1-0.2-0.3-0.2-0.2-0.2-0.5 0-0.1 0.1-0.3 0.1-0.2 0.3-0.4 0.2-0.1 0.4-0.1zm0 0.2q-0.1 0-0.2 0.1-0.2 0-0.3 0.1-0.1 0.2-0.1 0.4 0 0.2 0.1 0.3 0 0.1 0.1 0.2 0.2 0.2 0.4 0.2 0.2 0 0.3-0.1 0.2-0.1 0.2-0.2 0.2-0.2 0.2-0.4 0-0.1-0.1-0.2-0.1-0.2-0.2-0.3-0.2-0.1-0.4-0.1z\"><\/path><path fill-rule=\"evenodd\" d=\"m0 0l6.7 6.7z\"><\/path><\/svg>\t\t\t\t\t\t<\/span>\n\t\t\t\t\t\t\t\t\t\t<span class=\"elementor-icon-list-text\">Traiettorie ottimizzate per CMM, sensori ottici e programmi conformi a GD&amp;T.<\/span>\n\t\t\t\t\t\t\t\t\t<\/li>\n\t\t\t\t\t\t<\/ul>\n\t\t\t\t\t\t<\/div>\n\t\t\t\t<\/div>\n\t\t\t\t<div class=\"elementor-element elementor-element-7ec09cc elementor-mobile-align-justify elementor-widget elementor-widget-button\" data-id=\"7ec09cc\" data-element_type=\"widget\" data-e-type=\"widget\" data-widget_type=\"button.default\">\n\t\t\t\t<div class=\"elementor-widget-container\">\n\t\t\t\t\t\t\t\t\t<div class=\"elementor-button-wrapper\">\n\t\t\t\t\t<a class=\"elementor-button elementor-button-link elementor-size-sm\" href=\"https:\/\/www.metrologicdcs.com\/it\/richiedi-una-demo\/\">\n\t\t\t\t\t\t<span class=\"elementor-button-content-wrapper\">\n\t\t\t\t\t\t<span class=\"elementor-button-icon\">\n\t\t\t\t<svg aria-hidden=\"true\" class=\"e-font-icon-svg e-fas-chevron-right\" viewBox=\"0 0 320 512\" xmlns=\"http:\/\/www.w3.org\/2000\/svg\"><path d=\"M285.476 272.971L91.132 467.314c-9.373 9.373-24.569 9.373-33.941 0l-22.667-22.667c-9.357-9.357-9.375-24.522-.04-33.901L188.505 256 34.484 101.255c-9.335-9.379-9.317-24.544.04-33.901l22.667-22.667c9.373-9.373 24.569-9.373 33.941 0L285.475 239.03c9.373 9.372 9.373 24.568.001 33.941z\"><\/path><\/svg>\t\t\t<\/span>\n\t\t\t\t\t\t\t\t\t<span class=\"elementor-button-text\">Richiedi la tua dimostrazione gratuita<\/span>\n\t\t\t\t\t<\/span>\n\t\t\t\t\t<\/a>\n\t\t\t\t<\/div>\n\t\t\t\t\t\t\t\t<\/div>\n\t\t\t\t<\/div>\n\t\t\t\t<\/div>\n\t\t\t\t\t<\/div>\n\t\t\t\t<\/div>\n\t\t<div class=\"elementor-element elementor-element-4adc3ac padding-section e-flex e-con-boxed e-con e-parent\" data-id=\"4adc3ac\" data-element_type=\"container\" data-e-type=\"container\" data-settings=\"{&quot;background_background&quot;:&quot;classic&quot;}\">\n\t\t\t\t\t<div class=\"e-con-inner\">\n\t\t<div class=\"elementor-element elementor-element-38e9016 e-con-full e-flex e-con e-child\" data-id=\"38e9016\" data-element_type=\"container\" data-e-type=\"container\" data-settings=\"{&quot;background_background&quot;:&quot;classic&quot;}\">\n\t\t\t\t<div class=\"elementor-element elementor-element-7ea1181 elementor-widget elementor-widget-image\" data-id=\"7ea1181\" data-element_type=\"widget\" data-e-type=\"widget\" data-widget_type=\"image.default\">\n\t\t\t\t<div class=\"elementor-widget-container\">\n\t\t\t\t\t\t\t\t\t\t\t\t\t\t\t<img decoding=\"async\" width=\"1400\" height=\"758\" src=\"https:\/\/www.metrologicdcs.com\/wp-content\/uploads\/Silma-path-planning-05-1400.webp\" class=\"attachment-full size-full wp-image-19373531\" alt=\"\" srcset=\"https:\/\/www.metrologicdcs.com\/wp-content\/uploads\/Silma-path-planning-05-1400.webp 1400w, https:\/\/www.metrologicdcs.com\/wp-content\/uploads\/Silma-path-planning-05-1400-600x325.webp 600w, https:\/\/www.metrologicdcs.com\/wp-content\/uploads\/Silma-path-planning-05-1400-1024x554.webp 1024w, https:\/\/www.metrologicdcs.com\/wp-content\/uploads\/Silma-path-planning-05-1400-400x217.webp 400w, https:\/\/www.metrologicdcs.com\/wp-content\/uploads\/Silma-path-planning-05-1400-768x416.webp 768w\" sizes=\"(max-width: 1400px) 100vw, 1400px\" \/>\t\t\t\t\t\t\t\t\t\t\t\t\t\t\t<\/div>\n\t\t\t\t<\/div>\n\t\t\t\t<\/div>\n\t\t<div class=\"elementor-element elementor-element-20d096c e-con-full box-align-left e-flex e-con e-child\" data-id=\"20d096c\" data-element_type=\"container\" data-e-type=\"container\">\n\t\t\t\t<div class=\"elementor-element elementor-element-4e00bc2 elementor-widget elementor-widget-heading\" data-id=\"4e00bc2\" data-element_type=\"widget\" data-e-type=\"widget\" data-widget_type=\"heading.default\">\n\t\t\t\t<div class=\"elementor-widget-container\">\n\t\t\t\t\t<h2 class=\"elementor-heading-title elementor-size-default\">Programmazione migliore, pi\u00f9 veloce e senza errori<\/h2>\t\t\t\t<\/div>\n\t\t\t\t<\/div>\n\t\t\t\t<div class=\"elementor-element elementor-element-0ca7dec elementor-position-inline-start elementor-mobile-position-inline-start elementor-view-default elementor-widget elementor-widget-icon-box\" data-id=\"0ca7dec\" data-element_type=\"widget\" data-e-type=\"widget\" data-widget_type=\"icon-box.default\">\n\t\t\t\t<div class=\"elementor-widget-container\">\n\t\t\t\t\t\t\t<div class=\"elementor-icon-box-wrapper\">\n\n\t\t\t\t\t\t<div class=\"elementor-icon-box-icon\">\n\t\t\t\t<span  class=\"elementor-icon\">\n\t\t\t\t<svg xmlns=\"http:\/\/www.w3.org\/2000\/svg\" viewBox=\"1.4210854715202004e-14 8.881784197001252e-15 6.674726492613843 6.674726492613841\" width=\"30\" height=\"30\"><path fill-rule=\"evenodd\" fill=\"#acacac\" d=\"m3.3 2.5q0.2 0 0.4 0.1 0.2 0.1 0.3 0.3 0.2 0.2 0.2 0.4 0 0.2-0.1 0.4-0.1 0.2-0.3 0.3-0.2 0.2-0.5 0.2-0.2 0-0.4-0.1-0.1-0.1-0.2-0.3-0.2-0.2-0.2-0.5 0-0.1 0.1-0.3 0.1-0.2 0.3-0.4 0.2-0.1 0.4-0.1zm0 0.2q-0.1 0-0.2 0.1-0.2 0-0.3 0.1-0.1 0.2-0.1 0.4 0 0.2 0.1 0.3 0 0.1 0.1 0.2 0.2 0.2 0.4 0.2 0.2 0 0.3-0.1 0.2-0.1 0.2-0.2 0.2-0.2 0.2-0.4 0-0.1-0.1-0.2-0.1-0.2-0.2-0.3-0.2-0.1-0.4-0.1z\"><\/path><path fill-rule=\"evenodd\" d=\"m0 0l6.7 6.7z\"><\/path><\/svg>\t\t\t\t<\/span>\n\t\t\t<\/div>\n\t\t\t\n\t\t\t\t\t\t<div class=\"elementor-icon-box-content\">\n\n\t\t\t\t\t\t\t\t\t<div class=\"elementor-icon-box-title\">\n\t\t\t\t\t\t<span  >\n\t\t\t\t\t\t\tAumenta la produttivit\u00e0 e accelera la programmazione\t\t\t\t\t\t<\/span>\n\t\t\t\t\t<\/div>\n\t\t\t\t\n\t\t\t\t\t\t\t\t\t<p class=\"elementor-icon-box-description\">\n\t\t\t\t\t\tIl modulo <strong>Silma Inspection Path Planning <\/strong>migliora significativamente la produttivit\u00e0 riducendo i tempi di programmazione fino al 60%. Con pochi clic, puoi creare programmi robusti, affidabili e senza collisioni per le tue CMM. \t\t\t\t\t<\/p>\n\t\t\t\t\n\t\t\t<\/div>\n\t\t\t\n\t\t<\/div>\n\t\t\t\t\t\t<\/div>\n\t\t\t\t<\/div>\n\t\t\t\t<div class=\"elementor-element elementor-element-af4f8bd elementor-position-inline-start elementor-mobile-position-inline-start elementor-view-default elementor-widget elementor-widget-icon-box\" data-id=\"af4f8bd\" data-element_type=\"widget\" data-e-type=\"widget\" data-widget_type=\"icon-box.default\">\n\t\t\t\t<div class=\"elementor-widget-container\">\n\t\t\t\t\t\t\t<div class=\"elementor-icon-box-wrapper\">\n\n\t\t\t\t\t\t<div class=\"elementor-icon-box-icon\">\n\t\t\t\t<span  class=\"elementor-icon\">\n\t\t\t\t<svg xmlns=\"http:\/\/www.w3.org\/2000\/svg\" viewBox=\"1.4210854715202004e-14 8.881784197001252e-15 6.674726492613843 6.674726492613841\" width=\"30\" height=\"30\"><path fill-rule=\"evenodd\" fill=\"#acacac\" d=\"m3.3 2.5q0.2 0 0.4 0.1 0.2 0.1 0.3 0.3 0.2 0.2 0.2 0.4 0 0.2-0.1 0.4-0.1 0.2-0.3 0.3-0.2 0.2-0.5 0.2-0.2 0-0.4-0.1-0.1-0.1-0.2-0.3-0.2-0.2-0.2-0.5 0-0.1 0.1-0.3 0.1-0.2 0.3-0.4 0.2-0.1 0.4-0.1zm0 0.2q-0.1 0-0.2 0.1-0.2 0-0.3 0.1-0.1 0.2-0.1 0.4 0 0.2 0.1 0.3 0 0.1 0.1 0.2 0.2 0.2 0.4 0.2 0.2 0 0.3-0.1 0.2-0.1 0.2-0.2 0.2-0.2 0.2-0.4 0-0.1-0.1-0.2-0.1-0.2-0.2-0.3-0.2-0.1-0.4-0.1z\"><\/path><path fill-rule=\"evenodd\" d=\"m0 0l6.7 6.7z\"><\/path><\/svg>\t\t\t\t<\/span>\n\t\t\t<\/div>\n\t\t\t\n\t\t\t\t\t\t<div class=\"elementor-icon-box-content\">\n\n\t\t\t\t\t\t\t\t\t<div class=\"elementor-icon-box-title\">\n\t\t\t\t\t\t<span  >\n\t\t\t\t\t\t\tTraiettorie ottimizzate e maggiore sicurezza\t\t\t\t\t\t<\/span>\n\t\t\t\t\t<\/div>\n\t\t\t\t\n\t\t\t\t\t\t\t\t\t<p class=\"elementor-icon-box-description\">\n\t\t\t\t\t\t<strong>Ottimizza automaticamente i percorsi utensile<\/strong>, sia per le sonde che per i sensori ottici. Il modulo gestisce il rilevamento e l'evitamento delle collisioni, l'orientamento delle sonde e la selezione automatica degli utensili, per percorsi sicuri ed efficienti. \t\t\t\t\t<\/p>\n\t\t\t\t\n\t\t\t<\/div>\n\t\t\t\n\t\t<\/div>\n\t\t\t\t\t\t<\/div>\n\t\t\t\t<\/div>\n\t\t\t\t<div class=\"elementor-element elementor-element-fd234eb elementor-position-inline-start elementor-mobile-position-inline-start elementor-view-default elementor-widget elementor-widget-icon-box\" data-id=\"fd234eb\" data-element_type=\"widget\" data-e-type=\"widget\" data-widget_type=\"icon-box.default\">\n\t\t\t\t<div class=\"elementor-widget-container\">\n\t\t\t\t\t\t\t<div class=\"elementor-icon-box-wrapper\">\n\n\t\t\t\t\t\t<div class=\"elementor-icon-box-icon\">\n\t\t\t\t<span  class=\"elementor-icon\">\n\t\t\t\t<svg xmlns=\"http:\/\/www.w3.org\/2000\/svg\" viewBox=\"1.4210854715202004e-14 8.881784197001252e-15 6.674726492613843 6.674726492613841\" width=\"30\" height=\"30\"><path fill-rule=\"evenodd\" fill=\"#acacac\" d=\"m3.3 2.5q0.2 0 0.4 0.1 0.2 0.1 0.3 0.3 0.2 0.2 0.2 0.4 0 0.2-0.1 0.4-0.1 0.2-0.3 0.3-0.2 0.2-0.5 0.2-0.2 0-0.4-0.1-0.1-0.1-0.2-0.3-0.2-0.2-0.2-0.5 0-0.1 0.1-0.3 0.1-0.2 0.3-0.4 0.2-0.1 0.4-0.1zm0 0.2q-0.1 0-0.2 0.1-0.2 0-0.3 0.1-0.1 0.2-0.1 0.4 0 0.2 0.1 0.3 0 0.1 0.1 0.2 0.2 0.2 0.4 0.2 0.2 0 0.3-0.1 0.2-0.1 0.2-0.2 0.2-0.2 0.2-0.4 0-0.1-0.1-0.2-0.1-0.2-0.2-0.3-0.2-0.1-0.4-0.1z\"><\/path><path fill-rule=\"evenodd\" d=\"m0 0l6.7 6.7z\"><\/path><\/svg>\t\t\t\t<\/span>\n\t\t\t<\/div>\n\t\t\t\n\t\t\t\t\t\t<div class=\"elementor-icon-box-content\">\n\n\t\t\t\t\t\t\t\t\t<div class=\"elementor-icon-box-title\">\n\t\t\t\t\t\t<span  >\n\t\t\t\t\t\t\tStandardizzazione tramite regole di misurazione e GD&amp;T\t\t\t\t\t\t<\/span>\n\t\t\t\t\t<\/div>\n\t\t\t\t\n\t\t\t\t\t\t\t\t\t<p class=\"elementor-icon-box-description\">\n\t\t\t\t\t\tIntegra <strong>regole di misurazione specifiche e tolleranze geometriche<\/strong> (GD&amp;T) per standardizzare i tuoi processi di ispezione. Ogni programma pu\u00f2 essere adattato per soddisfare i requisiti di qualit\u00e0 e conformit\u00e0 industriale. \t\t\t\t\t<\/p>\n\t\t\t\t\n\t\t\t<\/div>\n\t\t\t\n\t\t<\/div>\n\t\t\t\t\t\t<\/div>\n\t\t\t\t<\/div>\n\t\t\t\t<\/div>\n\t\t\t\t\t<\/div>\n\t\t\t\t<\/div>\n\t\t<div class=\"elementor-element elementor-element-333a285 padding-section e-flex e-con-boxed e-con e-parent\" data-id=\"333a285\" data-element_type=\"container\" data-e-type=\"container\">\n\t\t\t\t\t<div class=\"e-con-inner\">\n\t\t\t\t<div class=\"elementor-element elementor-element-96e1b0b elementor-absolute elementor-widget elementor-widget-html\" data-id=\"96e1b0b\" data-element_type=\"widget\" data-e-type=\"widget\" data-settings=\"{&quot;_position&quot;:&quot;absolute&quot;}\" data-widget_type=\"html.default\">\n\t\t\t\t<div class=\"elementor-widget-container\">\n\t\t\t\t\t<div class=\"wave-big\"><\/div>\n<div class=\"wave-big\"><\/div>\n<div class=\"wave-big\"><\/div>\n<div class=\"wave-big\"><\/div>\t\t\t\t<\/div>\n\t\t\t\t<\/div>\n\t\t<div class=\"elementor-element elementor-element-863c964 e-con-full box-align-left e-flex e-con e-child\" data-id=\"863c964\" data-element_type=\"container\" data-e-type=\"container\">\n\t\t\t\t<div class=\"elementor-element elementor-element-6f2010f elementor-widget elementor-widget-heading\" data-id=\"6f2010f\" data-element_type=\"widget\" data-e-type=\"widget\" data-widget_type=\"heading.default\">\n\t\t\t\t<div class=\"elementor-widget-container\">\n\t\t\t\t\t<h2 class=\"elementor-heading-title elementor-size-default\">Programmi intelligenti per migliorare la produttivit\u00e0<\/h2>\t\t\t\t<\/div>\n\t\t\t\t<\/div>\n\t\t\t\t<div class=\"elementor-element elementor-element-51c9d97 elementor-icon-list--layout-traditional elementor-list-item-link-full_width elementor-widget elementor-widget-icon-list\" data-id=\"51c9d97\" data-element_type=\"widget\" data-e-type=\"widget\" data-widget_type=\"icon-list.default\">\n\t\t\t\t<div class=\"elementor-widget-container\">\n\t\t\t\t\t\t\t<ul class=\"elementor-icon-list-items\">\n\t\t\t\t\t\t\t<li class=\"elementor-icon-list-item\">\n\t\t\t\t\t\t\t\t\t\t\t<span class=\"elementor-icon-list-icon\">\n\t\t\t\t\t\t\t<svg xmlns=\"http:\/\/www.w3.org\/2000\/svg\" viewBox=\"1.4210854715202004e-14 8.881784197001252e-15 6.674726492613843 6.674726492613841\" width=\"30\" height=\"30\"><path fill-rule=\"evenodd\" fill=\"#acacac\" d=\"m3.3 2.5q0.2 0 0.4 0.1 0.2 0.1 0.3 0.3 0.2 0.2 0.2 0.4 0 0.2-0.1 0.4-0.1 0.2-0.3 0.3-0.2 0.2-0.5 0.2-0.2 0-0.4-0.1-0.1-0.1-0.2-0.3-0.2-0.2-0.2-0.5 0-0.1 0.1-0.3 0.1-0.2 0.3-0.4 0.2-0.1 0.4-0.1zm0 0.2q-0.1 0-0.2 0.1-0.2 0-0.3 0.1-0.1 0.2-0.1 0.4 0 0.2 0.1 0.3 0 0.1 0.1 0.2 0.2 0.2 0.4 0.2 0.2 0 0.3-0.1 0.2-0.1 0.2-0.2 0.2-0.2 0.2-0.4 0-0.1-0.1-0.2-0.1-0.2-0.2-0.3-0.2-0.1-0.4-0.1z\"><\/path><path fill-rule=\"evenodd\" d=\"m0 0l6.7 6.7z\"><\/path><\/svg>\t\t\t\t\t\t<\/span>\n\t\t\t\t\t\t\t\t\t\t<span class=\"elementor-icon-list-text\">Programmi generati automaticamente in pochi clic.<\/span>\n\t\t\t\t\t\t\t\t\t<\/li>\n\t\t\t\t\t\t\t\t<li class=\"elementor-icon-list-item\">\n\t\t\t\t\t\t\t\t\t\t\t<span class=\"elementor-icon-list-icon\">\n\t\t\t\t\t\t\t<svg xmlns=\"http:\/\/www.w3.org\/2000\/svg\" viewBox=\"1.4210854715202004e-14 8.881784197001252e-15 6.674726492613843 6.674726492613841\" width=\"30\" height=\"30\"><path fill-rule=\"evenodd\" fill=\"#acacac\" d=\"m3.3 2.5q0.2 0 0.4 0.1 0.2 0.1 0.3 0.3 0.2 0.2 0.2 0.4 0 0.2-0.1 0.4-0.1 0.2-0.3 0.3-0.2 0.2-0.5 0.2-0.2 0-0.4-0.1-0.1-0.1-0.2-0.3-0.2-0.2-0.2-0.5 0-0.1 0.1-0.3 0.1-0.2 0.3-0.4 0.2-0.1 0.4-0.1zm0 0.2q-0.1 0-0.2 0.1-0.2 0-0.3 0.1-0.1 0.2-0.1 0.4 0 0.2 0.1 0.3 0 0.1 0.1 0.2 0.2 0.2 0.4 0.2 0.2 0 0.3-0.1 0.2-0.1 0.2-0.2 0.2-0.2 0.2-0.4 0-0.1-0.1-0.2-0.1-0.2-0.2-0.3-0.2-0.1-0.4-0.1z\"><\/path><path fill-rule=\"evenodd\" d=\"m0 0l6.7 6.7z\"><\/path><\/svg>\t\t\t\t\t\t<\/span>\n\t\t\t\t\t\t\t\t\t\t<span class=\"elementor-icon-list-text\">Traiettoria ottimizzata: una <strong>traiettoria di misurazione pi\u00f9 veloce<\/strong>.<\/span>\n\t\t\t\t\t\t\t\t\t<\/li>\n\t\t\t\t\t\t\t\t<li class=\"elementor-icon-list-item\">\n\t\t\t\t\t\t\t\t\t\t\t<span class=\"elementor-icon-list-icon\">\n\t\t\t\t\t\t\t<svg xmlns=\"http:\/\/www.w3.org\/2000\/svg\" viewBox=\"1.4210854715202004e-14 8.881784197001252e-15 6.674726492613843 6.674726492613841\" width=\"30\" height=\"30\"><path fill-rule=\"evenodd\" fill=\"#acacac\" d=\"m3.3 2.5q0.2 0 0.4 0.1 0.2 0.1 0.3 0.3 0.2 0.2 0.2 0.4 0 0.2-0.1 0.4-0.1 0.2-0.3 0.3-0.2 0.2-0.5 0.2-0.2 0-0.4-0.1-0.1-0.1-0.2-0.3-0.2-0.2-0.2-0.5 0-0.1 0.1-0.3 0.1-0.2 0.3-0.4 0.2-0.1 0.4-0.1zm0 0.2q-0.1 0-0.2 0.1-0.2 0-0.3 0.1-0.1 0.2-0.1 0.4 0 0.2 0.1 0.3 0 0.1 0.1 0.2 0.2 0.2 0.4 0.2 0.2 0 0.3-0.1 0.2-0.1 0.2-0.2 0.2-0.2 0.2-0.4 0-0.1-0.1-0.2-0.1-0.2-0.2-0.3-0.2-0.1-0.4-0.1z\"><\/path><path fill-rule=\"evenodd\" d=\"m0 0l6.7 6.7z\"><\/path><\/svg>\t\t\t\t\t\t<\/span>\n\t\t\t\t\t\t\t\t\t\t<span class=\"elementor-icon-list-text\">Rilevamento ed evitamento automatico delle collisioni. Un percorso di misurazione sicuro. <\/span>\n\t\t\t\t\t\t\t\t\t<\/li>\n\t\t\t\t\t\t\t\t<li class=\"elementor-icon-list-item\">\n\t\t\t\t\t\t\t\t\t\t\t<span class=\"elementor-icon-list-icon\">\n\t\t\t\t\t\t\t<svg xmlns=\"http:\/\/www.w3.org\/2000\/svg\" viewBox=\"1.4210854715202004e-14 8.881784197001252e-15 6.674726492613843 6.674726492613841\" width=\"30\" height=\"30\"><path fill-rule=\"evenodd\" fill=\"#acacac\" d=\"m3.3 2.5q0.2 0 0.4 0.1 0.2 0.1 0.3 0.3 0.2 0.2 0.2 0.4 0 0.2-0.1 0.4-0.1 0.2-0.3 0.3-0.2 0.2-0.5 0.2-0.2 0-0.4-0.1-0.1-0.1-0.2-0.3-0.2-0.2-0.2-0.5 0-0.1 0.1-0.3 0.1-0.2 0.3-0.4 0.2-0.1 0.4-0.1zm0 0.2q-0.1 0-0.2 0.1-0.2 0-0.3 0.1-0.1 0.2-0.1 0.4 0 0.2 0.1 0.3 0 0.1 0.1 0.2 0.2 0.2 0.4 0.2 0.2 0 0.3-0.1 0.2-0.1 0.2-0.2 0.2-0.2 0.2-0.4 0-0.1-0.1-0.2-0.1-0.2-0.2-0.3-0.2-0.1-0.4-0.1z\"><\/path><path fill-rule=\"evenodd\" d=\"m0 0l6.7 6.7z\"><\/path><\/svg>\t\t\t\t\t\t<\/span>\n\t\t\t\t\t\t\t\t\t\t<span class=\"elementor-icon-list-text\">Orientamento delle teste automatizzate. Ottimizzazione delle posizioni utili delle sonde. <\/span>\n\t\t\t\t\t\t\t\t\t<\/li>\n\t\t\t\t\t\t\t\t<li class=\"elementor-icon-list-item\">\n\t\t\t\t\t\t\t\t\t\t\t<span class=\"elementor-icon-list-icon\">\n\t\t\t\t\t\t\t<svg xmlns=\"http:\/\/www.w3.org\/2000\/svg\" viewBox=\"1.4210854715202004e-14 8.881784197001252e-15 6.674726492613843 6.674726492613841\" width=\"30\" height=\"30\"><path fill-rule=\"evenodd\" fill=\"#acacac\" d=\"m3.3 2.5q0.2 0 0.4 0.1 0.2 0.1 0.3 0.3 0.2 0.2 0.2 0.4 0 0.2-0.1 0.4-0.1 0.2-0.3 0.3-0.2 0.2-0.5 0.2-0.2 0-0.4-0.1-0.1-0.1-0.2-0.3-0.2-0.2-0.2-0.5 0-0.1 0.1-0.3 0.1-0.2 0.3-0.4 0.2-0.1 0.4-0.1zm0 0.2q-0.1 0-0.2 0.1-0.2 0-0.3 0.1-0.1 0.2-0.1 0.4 0 0.2 0.1 0.3 0 0.1 0.1 0.2 0.2 0.2 0.4 0.2 0.2 0 0.3-0.1 0.2-0.1 0.2-0.2 0.2-0.2 0.2-0.4 0-0.1-0.1-0.2-0.1-0.2-0.2-0.3-0.2-0.1-0.4-0.1z\"><\/path><path fill-rule=\"evenodd\" d=\"m0 0l6.7 6.7z\"><\/path><\/svg>\t\t\t\t\t\t<\/span>\n\t\t\t\t\t\t\t\t\t\t<span class=\"elementor-icon-list-text\">Selezione automatica dello strumento di misura.<\/span>\n\t\t\t\t\t\t\t\t\t<\/li>\n\t\t\t\t\t\t<\/ul>\n\t\t\t\t\t\t<\/div>\n\t\t\t\t<\/div>\n\t\t\t\t<\/div>\n\t\t\t\t<div class=\"elementor-element elementor-element-8d84c36 elementor-widget__width-initial img-red-shadow elementor-widget elementor-widget-image\" data-id=\"8d84c36\" data-element_type=\"widget\" data-e-type=\"widget\" data-widget_type=\"image.default\">\n\t\t\t\t<div class=\"elementor-widget-container\">\n\t\t\t\t\t\t\t\t\t\t\t\t\t\t\t<img decoding=\"async\" width=\"900\" height=\"488\" src=\"https:\/\/www.metrologicdcs.com\/wp-content\/uploads\/0-PathPlanningCMM_Changer.webp\" class=\"attachment-full size-full wp-image-19373532\" alt=\"\" srcset=\"https:\/\/www.metrologicdcs.com\/wp-content\/uploads\/0-PathPlanningCMM_Changer.webp 900w, https:\/\/www.metrologicdcs.com\/wp-content\/uploads\/0-PathPlanningCMM_Changer-600x325.webp 600w, https:\/\/www.metrologicdcs.com\/wp-content\/uploads\/0-PathPlanningCMM_Changer-400x217.webp 400w, https:\/\/www.metrologicdcs.com\/wp-content\/uploads\/0-PathPlanningCMM_Changer-768x416.webp 768w\" sizes=\"(max-width: 900px) 100vw, 900px\" \/>\t\t\t\t\t\t\t\t\t\t\t\t\t\t\t<\/div>\n\t\t\t\t<\/div>\n\t\t\t\t\t<\/div>\n\t\t\t\t<\/div>\n\t\t<div class=\"elementor-element elementor-element-2776613 e-con-full e-flex e-con e-parent\" data-id=\"2776613\" data-element_type=\"container\" data-e-type=\"container\">\n\t\t\t\t<div class=\"elementor-element elementor-element-5a760f6 elementor-widget elementor-widget-shortcode\" data-id=\"5a760f6\" data-element_type=\"widget\" data-e-type=\"widget\" data-widget_type=\"shortcode.default\">\n\t\t\t\t<div class=\"elementor-widget-container\">\n\t\t\t\t\t\t\t<div class=\"elementor-shortcode\">\t\t<div data-elementor-type=\"section\" data-elementor-id=\"19382251\" class=\"elementor elementor-19382251 elementor-19378660 elementor-19378660\" data-elementor-post-type=\"elementor_library\">\n\t\t\t<div class=\"elementor-element elementor-element-88c271f e-flex e-con-boxed e-con e-parent\" data-id=\"88c271f\" data-element_type=\"container\" data-e-type=\"container\" data-settings=\"{&quot;background_background&quot;:&quot;gradient&quot;}\">\n\t\t\t\t\t<div class=\"e-con-inner\">\n\t\t<div class=\"elementor-element elementor-element-df759cc e-con-full padding-section e-flex e-con e-child\" data-id=\"df759cc\" data-element_type=\"container\" data-e-type=\"container\" data-settings=\"{&quot;background_background&quot;:&quot;classic&quot;}\">\n\t\t\t\t<div class=\"elementor-element elementor-element-edaf317 elementor-widget__width-inherit elementor-widget elementor-widget-heading\" data-id=\"edaf317\" data-element_type=\"widget\" data-e-type=\"widget\" data-widget_type=\"heading.default\">\n\t\t\t\t<div class=\"elementor-widget-container\">\n\t\t\t\t\t<div class=\"elementor-heading-title elementor-size-default\">Vuoi saperne di pi\u00f9?<\/div>\t\t\t\t<\/div>\n\t\t\t\t<\/div>\n\t\t\t\t<div class=\"elementor-element elementor-element-8c0ed57 elementor-widget__width-inherit elementor-widget elementor-widget-heading\" data-id=\"8c0ed57\" data-element_type=\"widget\" data-e-type=\"widget\" data-widget_type=\"heading.default\">\n\t\t\t\t<div class=\"elementor-widget-container\">\n\t\t\t\t\t<div class=\"elementor-heading-title elementor-size-default\">Scarica la nostra brochure di presentazione o richiedi la tua prova gratuita<\/div>\t\t\t\t<\/div>\n\t\t\t\t<\/div>\n\t\t\t\t<div class=\"elementor-element elementor-element-190be6f request-demo elementor-widget elementor-widget-button\" data-id=\"190be6f\" data-element_type=\"widget\" data-e-type=\"widget\" data-widget_type=\"button.default\">\n\t\t\t\t<div class=\"elementor-widget-container\">\n\t\t\t\t\t\t\t\t\t<div class=\"elementor-button-wrapper\">\n\t\t\t\t\t<a class=\"elementor-button elementor-button-link elementor-size-sm\" href=\"\/brochure\/inspection-path-planning\/\">\n\t\t\t\t\t\t<span class=\"elementor-button-content-wrapper\">\n\t\t\t\t\t\t\t\t\t<span class=\"elementor-button-text\">Scarica<\/span>\n\t\t\t\t\t<\/span>\n\t\t\t\t\t<\/a>\n\t\t\t\t<\/div>\n\t\t\t\t\t\t\t\t<\/div>\n\t\t\t\t<\/div>\n\t\t\t\t<div class=\"elementor-element elementor-element-b531544 btn-light elementor-widget elementor-widget-button\" data-id=\"b531544\" data-element_type=\"widget\" data-e-type=\"widget\" data-widget_type=\"button.default\">\n\t\t\t\t<div class=\"elementor-widget-container\">\n\t\t\t\t\t\t\t\t\t<div class=\"elementor-button-wrapper\">\n\t\t\t\t\t<a class=\"elementor-button elementor-button-link elementor-size-sm\" href=\"https:\/\/www.metrologicdcs.com\/it\/richiedi-una-demo\/\">\n\t\t\t\t\t\t<span class=\"elementor-button-content-wrapper\">\n\t\t\t\t\t\t\t\t\t<span class=\"elementor-button-text\">Richiedi una demo<\/span>\n\t\t\t\t\t<\/span>\n\t\t\t\t\t<\/a>\n\t\t\t\t<\/div>\n\t\t\t\t\t\t\t\t<\/div>\n\t\t\t\t<\/div>\n\t\t\t\t<\/div>\n\t\t\t\t\t<\/div>\n\t\t\t\t<\/div>\n\t\t\t\t<\/div>\n\t\t<\/div>\n\t\t\t\t\t\t<\/div>\n\t\t\t\t<\/div>\n\t\t\t\t<\/div>\n\t\t\t\t<\/div>\n\t\t","protected":false},"excerpt":{"rendered":"<p>Genera traiettorie di misurazione intelligenti in pochi clic Riduci il tempo di programmazione fino al 60% grazie al rilevamento e all&#8217;evitamento automatico delle collisioni, all&#8217;orientamento della sonda e alla selezione degli utensili. Traiettorie ottimizzate per CMM, sensori ottici e programmi conformi a GD&amp;T. Richiedi la tua dimostrazione gratuita Programmazione migliore, pi\u00f9 veloce e senza errori [&hellip;]<\/p>\n","protected":false},"author":2,"featured_media":0,"parent":0,"menu_order":0,"comment_status":"closed","ping_status":"closed","template":"","meta":{"_acf_changed":false,"footnotes":""},"categories":[],"class_list":["post-19373529","page","type-page","status-publish","hentry"],"acf":[],"_links":{"self":[{"href":"https:\/\/www.metrologicdcs.com\/it\/wp-json\/wp\/v2\/pages\/19373529","targetHints":{"allow":["GET"]}}],"collection":[{"href":"https:\/\/www.metrologicdcs.com\/it\/wp-json\/wp\/v2\/pages"}],"about":[{"href":"https:\/\/www.metrologicdcs.com\/it\/wp-json\/wp\/v2\/types\/page"}],"author":[{"embeddable":true,"href":"https:\/\/www.metrologicdcs.com\/it\/wp-json\/wp\/v2\/users\/2"}],"replies":[{"embeddable":true,"href":"https:\/\/www.metrologicdcs.com\/it\/wp-json\/wp\/v2\/comments?post=19373529"}],"version-history":[{"count":2,"href":"https:\/\/www.metrologicdcs.com\/it\/wp-json\/wp\/v2\/pages\/19373529\/revisions"}],"predecessor-version":[{"id":19381810,"href":"https:\/\/www.metrologicdcs.com\/it\/wp-json\/wp\/v2\/pages\/19373529\/revisions\/19381810"}],"wp:attachment":[{"href":"https:\/\/www.metrologicdcs.com\/it\/wp-json\/wp\/v2\/media?parent=19373529"}],"wp:term":[{"taxonomy":"category","embeddable":true,"href":"https:\/\/www.metrologicdcs.com\/it\/wp-json\/wp\/v2\/categories?post=19373529"}],"curies":[{"name":"wp","href":"https:\/\/api.w.org\/{rel}","templated":true}]}}