{"id":830,"date":"2025-03-03T10:59:57","date_gmt":"2025-03-03T09:59:57","guid":{"rendered":"https:\/\/www.metrologicdcs.com\/?page_id=830"},"modified":"2026-03-26T15:05:09","modified_gmt":"2026-03-26T14:05:09","slug":"reseau-commercial","status":"publish","type":"page","link":"https:\/\/www.metrologicdcs.com\/fr\/reseau-commercial\/","title":{"rendered":"Reseller Locator"},"content":{"rendered":"\t\t<div data-elementor-type=\"wp-page\" data-elementor-id=\"830\" class=\"elementor elementor-830\" data-elementor-post-type=\"page\">\n\t\t\t\t<div class=\"elementor-element elementor-element-2e8c68c e-flex e-con-boxed e-con e-parent\" data-id=\"2e8c68c\" data-element_type=\"container\" data-e-type=\"container\">\n\t\t\t\t\t<div class=\"e-con-inner\">\n\t\t\t\t<div class=\"elementor-element elementor-element-12faf54 elementor-widget elementor-widget-shortcode\" data-id=\"12faf54\" data-element_type=\"widget\" data-e-type=\"widget\" data-widget_type=\"shortcode.default\">\n\t\t\t\t<div class=\"elementor-widget-container\">\n\t\t\t\t\t\t\t<div class=\"elementor-shortcode\"><style type=\"text\/css\" id=\"umsMapStyles_1_62070\">\r\n    #ultimate_maps_1_62070 {\r\n        width: 100%;\r\n        height: 620px;\r\n                border: 0px solid ;\r\n        margin: 0px;\r\n    }\r\n    #mapsControlsNum_1_62070 {\r\n        width:100%    }\r\n    .umsMapDetailsContainer#umsMapDetailsContainer_1_62070 {\r\n        height:620px;\r\n    }\r\n    .ums_MapPreview#ultimate_maps_1_62070 {\r\n        \/*position:absolute;*\/\r\n        width:100%;\r\n    }\r\n    #mapConElem_1_62070{\r\n        width:100%    }\r\n    <\/style><div class=\"ums_map_opts\" id=\"mapConElem_1_62070\" data-id=\"1\" data-view-id=\"1_62070\" > <div class=\"umsMapDetailsContainer\" id=\"umsMapDetailsContainer_1_62070\"> <i class=\"umsKMLLayersPreloader fa fa-spinner fa-spin\" aria-hidden=\"true\" style=\"display: none;\"><\/i> <div class=\"ums_MapPreview \" id=\"ultimate_maps_1_62070\"><\/div> <\/div> <div class=\"umsMapMarkerFilters\" id=\"umsMapMarkerFilters_1_62070\"> <\/div> <div class=\"umsMapProControlsCon\" id=\"umsMapProControlsCon_1_62070\"> <a title=\"Google Map WordPress\" style=\"display:none;\" href=\"https:\/\/supsystic.com\/plugins\/google-maps-plugin\/?utm_medium=love_link_hide\" target=\"_blank\" rel=\"nofollow noopener\">Google Map WordPress<\/a><div style=\"clear: both;\"><\/div> <\/div> <div class=\"umsMapProDirectionsCon\" id=\"umsMapProDirectionsCon_1_62070\" > <\/div> <div class=\"umsMapProKmlFilterCon\" id=\"umsMapProKmlFilterCon_1_62070\" > <\/div> <div class=\"umsSocialSharingShell umsSocialSharingShell_1_62070\"> <\/div> <div style=\"clear: both;\"><\/div> <\/div><\/div>\n\t\t\t\t\t\t<\/div>\n\t\t\t\t<\/div>\n\t\t<div class=\"elementor-element elementor-element-ae0ee5b e-grid e-con-full e-con e-child\" data-id=\"ae0ee5b\" data-element_type=\"container\" data-e-type=\"container\">\n\t\t\t\t<div class=\"elementor-element elementor-element-7da3dd2 elementor-align-start elementor-icon-list--layout-traditional elementor-list-item-link-full_width elementor-widget elementor-widget-icon-list\" data-id=\"7da3dd2\" data-element_type=\"widget\" data-e-type=\"widget\" data-widget_type=\"icon-list.default\">\n\t\t\t\t<div class=\"elementor-widget-container\">\n\t\t\t\t\t\t\t<ul class=\"elementor-icon-list-items\">\n\t\t\t\t\t\t\t<li class=\"elementor-icon-list-item\">\n\t\t\t\t\t\t\t\t\t\t\t<span class=\"elementor-icon-list-icon\">\n\t\t\t\t\t\t\t<svg xmlns=\"http:\/\/www.w3.org\/2000\/svg\" xmlns:xlink=\"http:\/\/www.w3.org\/1999\/xlink\" width=\"46\" zoomAndPan=\"magnify\" viewBox=\"0 0 34.5 34.5\" height=\"46\" preserveAspectRatio=\"xMidYMid meet\"><defs><clipPath id=\"edb4a9e3b6\"><path d=\"M 0 0 L 34.007812 0 L 34.007812 34.007812 L 0 34.007812 Z M 0 0 \" clip-rule=\"nonzero\"><\/path><\/clipPath><clipPath id=\"dddb442ad6\"><path d=\"M 5.988281 2.585938 L 28.167969 2.585938 L 28.167969 24.765625 L 5.988281 24.765625 Z M 5.988281 2.585938 \" clip-rule=\"nonzero\"><\/path><\/clipPath><clipPath id=\"bf99ea3580\"><path d=\"M 4.1875 0 L 30 0 L 30 34 L 4.1875 34 Z M 4.1875 0 \" clip-rule=\"nonzero\"><\/path><\/clipPath><clipPath id=\"3b32bc0ce2\"><path d=\"M 4.1875 0 L 30 0 L 30 34.007812 L 4.1875 34.007812 Z M 4.1875 0 \" clip-rule=\"nonzero\"><\/path><\/clipPath><\/defs><g clip-path=\"url(#edb4a9e3b6)\"><path fill=\"#ffffff\" d=\"M 0 0 L 34.007812 0 L 34.007812 34.007812 L 0 34.007812 Z M 0 0 \" fill-opacity=\"1\" fill-rule=\"nonzero\"><\/path><path fill=\"#ffffff\" d=\"M 0 0 L 34.007812 0 L 34.007812 34.007812 L 0 34.007812 Z M 0 0 \" fill-opacity=\"1\" fill-rule=\"nonzero\"><\/path><\/g><g clip-path=\"url(#dddb442ad6)\"><path fill=\"#7eb1e7\" d=\"M 5.988281 13.675781 C 5.988281 4.542969 7.941406 2.585938 17.023438 2.585938 C 26.105469 2.585938 28.0625 4.542969 28.0625 13.675781 C 28.0625 22.8125 26.105469 24.765625 17.023438 24.765625 C 7.941406 24.765625 5.988281 22.8125 5.988281 13.675781 Z M 5.988281 13.675781 \" fill-opacity=\"1\" fill-rule=\"nonzero\"><\/path><\/g><path fill=\"#e4f1ff\" d=\"M 13.539062 7.992188 L 17.921875 7.992188 C 20 7.992188 20.878906 8.996094 20.878906 10.367188 C 20.878906 11.40625 20.421875 12.039062 19.613281 12.390625 C 20.457031 12.742188 20.898438 13.394531 20.898438 14.453125 C 20.898438 15.769531 20.035156 16.828125 17.957031 16.828125 L 13.523438 16.828125 L 13.523438 15.277344 L 17.957031 15.277344 C 18.871094 15.277344 19.296875 14.855469 19.296875 14.152344 C 19.296875 13.449219 18.835938 13.097656 17.957031 13.097656 L 15.246094 13.097656 L 15.246094 11.6875 L 17.921875 11.6875 C 18.820312 11.6875 19.261719 11.371094 19.261719 10.632812 C 19.261719 9.960938 18.855469 9.539062 17.921875 9.539062 L 13.539062 9.539062 Z M 13.75 18.21875 L 14.472656 18.21875 C 15.070312 18.21875 15.386719 18.550781 15.386719 19.238281 C 15.386719 19.925781 15.070312 20.261719 14.472656 20.261719 L 13.75 20.261719 C 13.632812 20.261719 13.574219 20.207031 13.574219 20.101562 L 13.574219 18.375 C 13.574219 18.269531 13.632812 18.21875 13.75 18.21875 Z M 13.945312 18.605469 L 13.945312 19.871094 C 13.945312 19.894531 13.957031 19.90625 13.980469 19.90625 L 14.472656 19.90625 C 14.859375 19.90625 15.035156 19.714844 15.035156 19.238281 C 15.035156 18.765625 14.859375 18.570312 14.472656 18.570312 L 13.980469 18.570312 C 13.957031 18.570312 13.945312 18.582031 13.945312 18.605469 Z M 17.21875 18.21875 L 18.011719 18.21875 L 18.011719 18.570312 L 17.21875 18.570312 C 16.832031 18.570312 16.65625 18.765625 16.65625 19.238281 C 16.65625 19.714844 16.832031 19.90625 17.21875 19.90625 L 18.011719 19.90625 L 18.011719 20.261719 L 17.21875 20.261719 C 16.621094 20.261719 16.304688 19.925781 16.304688 19.238281 C 16.304688 18.550781 16.636719 18.21875 17.21875 18.21875 Z M 19.542969 18.21875 L 20.582031 18.21875 L 20.582031 18.570312 L 19.523438 18.570312 C 19.347656 18.570312 19.261719 18.675781 19.261719 18.816406 C 19.261719 18.941406 19.332031 19.0625 19.578125 19.0625 L 20.050781 19.0625 C 20.597656 19.0625 20.722656 19.363281 20.722656 19.660156 C 20.722656 20.011719 20.546875 20.261719 20.085938 20.261719 L 18.941406 20.261719 L 18.941406 19.90625 L 20.085938 19.90625 C 20.28125 19.90625 20.367188 19.800781 20.367188 19.644531 C 20.367188 19.519531 20.296875 19.398438 20.050781 19.398438 L 19.578125 19.398438 C 19.03125 19.398438 18.90625 19.082031 18.90625 18.800781 C 18.90625 18.464844 19.085938 18.21875 19.542969 18.21875 Z M 19.542969 18.21875 \" fill-opacity=\"1\" fill-rule=\"evenodd\"><\/path><g clip-path=\"url(#bf99ea3580)\"><path fill=\"#142674\" d=\"M 17.003906 33.269531 C 14.992188 32.386719 4.980469 19.433594 4.980469 12.757812 C 4.980469 6.035156 10.28125 0.734375 17.003906 0.734375 C 23.726562 0.734375 29.027344 6.132812 29.027344 12.957031 C 29.027344 19.578125 19.015625 32.386719 17.003906 33.269531 Z M 17.003906 33.269531 \" fill-opacity=\"1\" fill-rule=\"nonzero\"><\/path><\/g><g clip-path=\"url(#3b32bc0ce2)\"><path fill=\"#142674\" d=\"M 17.003906 1.472656 C 23.332031 1.472656 28.289062 6.527344 28.289062 12.957031 C 28.289062 15.605469 26.425781 19.875 23.1875 24.734375 C 20.585938 28.707031 18.082031 31.503906 17.003906 32.386719 C 15.972656 31.503906 13.421875 28.707031 10.820312 24.683594 C 7.582031 19.726562 5.714844 15.410156 5.714844 12.757812 C 5.714844 6.429688 10.671875 1.472656 17.003906 1.472656 M 17.003906 0 C 9.839844 0 4.246094 5.59375 4.246094 12.757812 C 4.246094 19.921875 15.285156 34.007812 17.003906 34.007812 C 18.722656 34.007812 29.761719 20.121094 29.761719 12.957031 C 29.761719 5.789062 24.167969 0 17.003906 0 Z M 17.003906 0 \" fill-opacity=\"1\" fill-rule=\"nonzero\"><\/path><\/g><\/svg>\t\t\t\t\t\t<\/span>\n\t\t\t\t\t\t\t\t\t\t<span class=\"elementor-icon-list-text\">Agences locales<\/span>\n\t\t\t\t\t\t\t\t\t<\/li>\n\t\t\t\t\t\t\t\t<li class=\"elementor-icon-list-item\">\n\t\t\t\t\t\t\t\t\t\t\t<span class=\"elementor-icon-list-icon\">\n\t\t\t\t\t\t\t<svg xmlns=\"http:\/\/www.w3.org\/2000\/svg\" xmlns:xlink=\"http:\/\/www.w3.org\/1999\/xlink\" width=\"46\" zoomAndPan=\"magnify\" viewBox=\"0 0 34.5 34.5\" height=\"46\" preserveAspectRatio=\"xMidYMid meet\"><defs><clipPath id=\"df87c8c653\"><path d=\"M 0 0 L 34.007812 0 L 34.007812 34.007812 L 0 34.007812 Z M 0 0 \" clip-rule=\"nonzero\"><\/path><\/clipPath><clipPath id=\"655078afc1\"><path d=\"M 5.988281 2.585938 L 28.167969 2.585938 L 28.167969 24.765625 L 5.988281 24.765625 Z M 5.988281 2.585938 \" clip-rule=\"nonzero\"><\/path><\/clipPath><clipPath id=\"fea4cc8bb4\"><path d=\"M 4.1875 0 L 30 0 L 30 34 L 4.1875 34 Z M 4.1875 0 \" clip-rule=\"nonzero\"><\/path><\/clipPath><clipPath id=\"4096ddd66b\"><path d=\"M 4.1875 0 L 30 0 L 30 34.007812 L 4.1875 34.007812 Z M 4.1875 0 \" clip-rule=\"nonzero\"><\/path><\/clipPath><\/defs><g clip-path=\"url(#df87c8c653)\"><path fill=\"#ffffff\" d=\"M 0 0 L 34.007812 0 L 34.007812 34.007812 L 0 34.007812 Z M 0 0 \" fill-opacity=\"1\" fill-rule=\"nonzero\"><\/path><path fill=\"#ffffff\" d=\"M 0 0 L 34.007812 0 L 34.007812 34.007812 L 0 34.007812 Z M 0 0 \" fill-opacity=\"1\" fill-rule=\"nonzero\"><\/path><\/g><g clip-path=\"url(#655078afc1)\"><path fill=\"#7eb1e7\" d=\"M 5.988281 13.675781 C 5.988281 4.542969 7.941406 2.585938 17.023438 2.585938 C 26.105469 2.585938 28.0625 4.542969 28.0625 13.675781 C 28.0625 22.8125 26.105469 24.765625 17.023438 24.765625 C 7.941406 24.765625 5.988281 22.8125 5.988281 13.675781 Z M 5.988281 13.675781 \" fill-opacity=\"1\" fill-rule=\"nonzero\"><\/path><\/g><path fill=\"#e4f1ff\" d=\"M 13.539062 7.992188 L 17.921875 7.992188 C 20 7.992188 20.878906 8.996094 20.878906 10.367188 C 20.878906 11.40625 20.421875 12.039062 19.613281 12.390625 C 20.457031 12.742188 20.898438 13.394531 20.898438 14.453125 C 20.898438 15.769531 20.035156 16.828125 17.957031 16.828125 L 13.523438 16.828125 L 13.523438 15.277344 L 17.957031 15.277344 C 18.871094 15.277344 19.296875 14.855469 19.296875 14.152344 C 19.296875 13.449219 18.835938 13.097656 17.957031 13.097656 L 15.246094 13.097656 L 15.246094 11.6875 L 17.921875 11.6875 C 18.820312 11.6875 19.261719 11.371094 19.261719 10.632812 C 19.261719 9.960938 18.855469 9.539062 17.921875 9.539062 L 13.539062 9.539062 Z M 13.75 18.21875 L 14.472656 18.21875 C 15.070312 18.21875 15.386719 18.550781 15.386719 19.238281 C 15.386719 19.925781 15.070312 20.261719 14.472656 20.261719 L 13.75 20.261719 C 13.632812 20.261719 13.574219 20.207031 13.574219 20.101562 L 13.574219 18.375 C 13.574219 18.269531 13.632812 18.21875 13.75 18.21875 Z M 13.945312 18.605469 L 13.945312 19.871094 C 13.945312 19.894531 13.957031 19.90625 13.980469 19.90625 L 14.472656 19.90625 C 14.859375 19.90625 15.035156 19.714844 15.035156 19.238281 C 15.035156 18.765625 14.859375 18.570312 14.472656 18.570312 L 13.980469 18.570312 C 13.957031 18.570312 13.945312 18.582031 13.945312 18.605469 Z M 17.21875 18.21875 L 18.011719 18.21875 L 18.011719 18.570312 L 17.21875 18.570312 C 16.832031 18.570312 16.65625 18.765625 16.65625 19.238281 C 16.65625 19.714844 16.832031 19.90625 17.21875 19.90625 L 18.011719 19.90625 L 18.011719 20.261719 L 17.21875 20.261719 C 16.621094 20.261719 16.304688 19.925781 16.304688 19.238281 C 16.304688 18.550781 16.636719 18.21875 17.21875 18.21875 Z M 19.542969 18.21875 L 20.582031 18.21875 L 20.582031 18.570312 L 19.523438 18.570312 C 19.347656 18.570312 19.261719 18.675781 19.261719 18.816406 C 19.261719 18.941406 19.332031 19.0625 19.578125 19.0625 L 20.050781 19.0625 C 20.597656 19.0625 20.722656 19.363281 20.722656 19.660156 C 20.722656 20.011719 20.546875 20.261719 20.085938 20.261719 L 18.941406 20.261719 L 18.941406 19.90625 L 20.085938 19.90625 C 20.28125 19.90625 20.367188 19.800781 20.367188 19.644531 C 20.367188 19.519531 20.296875 19.398438 20.050781 19.398438 L 19.578125 19.398438 C 19.03125 19.398438 18.90625 19.082031 18.90625 18.800781 C 18.90625 18.464844 19.085938 18.21875 19.542969 18.21875 Z M 19.542969 18.21875 \" fill-opacity=\"1\" fill-rule=\"evenodd\"><\/path><g clip-path=\"url(#fea4cc8bb4)\"><path fill=\"#f1b33e\" d=\"M 17.003906 33.269531 C 14.992188 32.386719 4.980469 19.433594 4.980469 12.757812 C 4.980469 6.035156 10.28125 0.734375 17.003906 0.734375 C 23.726562 0.734375 29.027344 6.132812 29.027344 12.957031 C 29.027344 19.578125 19.015625 32.386719 17.003906 33.269531 Z M 17.003906 33.269531 \" fill-opacity=\"1\" fill-rule=\"nonzero\"><\/path><\/g><g clip-path=\"url(#4096ddd66b)\"><path fill=\"#f1b33e\" d=\"M 17.003906 1.472656 C 23.332031 1.472656 28.289062 6.527344 28.289062 12.957031 C 28.289062 15.605469 26.425781 19.875 23.1875 24.734375 C 20.585938 28.707031 18.082031 31.503906 17.003906 32.386719 C 15.972656 31.503906 13.421875 28.707031 10.820312 24.683594 C 7.582031 19.726562 5.714844 15.410156 5.714844 12.757812 C 5.714844 6.429688 10.671875 1.472656 17.003906 1.472656 M 17.003906 0 C 9.839844 0 4.246094 5.59375 4.246094 12.757812 C 4.246094 19.921875 15.285156 34.007812 17.003906 34.007812 C 18.722656 34.007812 29.761719 20.121094 29.761719 12.957031 C 29.761719 5.789062 24.167969 0 17.003906 0 Z M 17.003906 0 \" fill-opacity=\"1\" fill-rule=\"nonzero\"><\/path><\/g><\/svg>\t\t\t\t\t\t<\/span>\n\t\t\t\t\t\t\t\t\t\t<span class=\"elementor-icon-list-text\">Revendeurs officiels Metrologic, Silma, Planner, QDM<\/span>\n\t\t\t\t\t\t\t\t\t<\/li>\n\t\t\t\t\t\t\t\t<li class=\"elementor-icon-list-item\">\n\t\t\t\t\t\t\t\t\t\t\t<span class=\"elementor-icon-list-icon\">\n\t\t\t\t\t\t\t<svg xmlns=\"http:\/\/www.w3.org\/2000\/svg\" xmlns:xlink=\"http:\/\/www.w3.org\/1999\/xlink\" width=\"46\" zoomAndPan=\"magnify\" viewBox=\"0 0 34.5 34.5\" height=\"46\" preserveAspectRatio=\"xMidYMid meet\"><defs><clipPath id=\"9d7d8107a5\"><path d=\"M 0 0 L 34.007812 0 L 34.007812 34.007812 L 0 34.007812 Z M 0 0 \" clip-rule=\"nonzero\"><\/path><\/clipPath><clipPath id=\"7341daac52\"><path d=\"M 5.988281 2.585938 L 28.167969 2.585938 L 28.167969 24.765625 L 5.988281 24.765625 Z M 5.988281 2.585938 \" clip-rule=\"nonzero\"><\/path><\/clipPath><clipPath id=\"97d6f80ba1\"><path d=\"M 4.1875 0 L 30 0 L 30 34 L 4.1875 34 Z M 4.1875 0 \" clip-rule=\"nonzero\"><\/path><\/clipPath><clipPath id=\"200c113262\"><path d=\"M 4.1875 0 L 30 0 L 30 34.007812 L 4.1875 34.007812 Z M 4.1875 0 \" clip-rule=\"nonzero\"><\/path><\/clipPath><\/defs><g clip-path=\"url(#9d7d8107a5)\"><path fill=\"#ffffff\" d=\"M 0 0 L 34.007812 0 L 34.007812 34.007812 L 0 34.007812 Z M 0 0 \" fill-opacity=\"1\" fill-rule=\"nonzero\"><\/path><path fill=\"#ffffff\" d=\"M 0 0 L 34.007812 0 L 34.007812 34.007812 L 0 34.007812 Z M 0 0 \" fill-opacity=\"1\" fill-rule=\"nonzero\"><\/path><\/g><g clip-path=\"url(#7341daac52)\"><path fill=\"#7eb1e7\" d=\"M 5.988281 13.675781 C 5.988281 4.542969 7.941406 2.585938 17.023438 2.585938 C 26.105469 2.585938 28.0625 4.542969 28.0625 13.675781 C 28.0625 22.8125 26.105469 24.765625 17.023438 24.765625 C 7.941406 24.765625 5.988281 22.8125 5.988281 13.675781 Z M 5.988281 13.675781 \" fill-opacity=\"1\" fill-rule=\"nonzero\"><\/path><\/g><path fill=\"#e4f1ff\" d=\"M 13.539062 7.992188 L 17.921875 7.992188 C 20 7.992188 20.878906 8.996094 20.878906 10.367188 C 20.878906 11.40625 20.421875 12.039062 19.613281 12.390625 C 20.457031 12.742188 20.898438 13.394531 20.898438 14.453125 C 20.898438 15.769531 20.035156 16.828125 17.957031 16.828125 L 13.523438 16.828125 L 13.523438 15.277344 L 17.957031 15.277344 C 18.871094 15.277344 19.296875 14.855469 19.296875 14.152344 C 19.296875 13.449219 18.835938 13.097656 17.957031 13.097656 L 15.246094 13.097656 L 15.246094 11.6875 L 17.921875 11.6875 C 18.820312 11.6875 19.261719 11.371094 19.261719 10.632812 C 19.261719 9.960938 18.855469 9.539062 17.921875 9.539062 L 13.539062 9.539062 Z M 13.75 18.21875 L 14.472656 18.21875 C 15.070312 18.21875 15.386719 18.550781 15.386719 19.238281 C 15.386719 19.925781 15.070312 20.261719 14.472656 20.261719 L 13.75 20.261719 C 13.632812 20.261719 13.574219 20.207031 13.574219 20.101562 L 13.574219 18.375 C 13.574219 18.269531 13.632812 18.21875 13.75 18.21875 Z M 13.945312 18.605469 L 13.945312 19.871094 C 13.945312 19.894531 13.957031 19.90625 13.980469 19.90625 L 14.472656 19.90625 C 14.859375 19.90625 15.035156 19.714844 15.035156 19.238281 C 15.035156 18.765625 14.859375 18.570312 14.472656 18.570312 L 13.980469 18.570312 C 13.957031 18.570312 13.945312 18.582031 13.945312 18.605469 Z M 17.21875 18.21875 L 18.011719 18.21875 L 18.011719 18.570312 L 17.21875 18.570312 C 16.832031 18.570312 16.65625 18.765625 16.65625 19.238281 C 16.65625 19.714844 16.832031 19.90625 17.21875 19.90625 L 18.011719 19.90625 L 18.011719 20.261719 L 17.21875 20.261719 C 16.621094 20.261719 16.304688 19.925781 16.304688 19.238281 C 16.304688 18.550781 16.636719 18.21875 17.21875 18.21875 Z M 19.542969 18.21875 L 20.582031 18.21875 L 20.582031 18.570312 L 19.523438 18.570312 C 19.347656 18.570312 19.261719 18.675781 19.261719 18.816406 C 19.261719 18.941406 19.332031 19.0625 19.578125 19.0625 L 20.050781 19.0625 C 20.597656 19.0625 20.722656 19.363281 20.722656 19.660156 C 20.722656 20.011719 20.546875 20.261719 20.085938 20.261719 L 18.941406 20.261719 L 18.941406 19.90625 L 20.085938 19.90625 C 20.28125 19.90625 20.367188 19.800781 20.367188 19.644531 C 20.367188 19.519531 20.296875 19.398438 20.050781 19.398438 L 19.578125 19.398438 C 19.03125 19.398438 18.90625 19.082031 18.90625 18.800781 C 18.90625 18.464844 19.085938 18.21875 19.542969 18.21875 Z M 19.542969 18.21875 \" fill-opacity=\"1\" fill-rule=\"evenodd\"><\/path><g clip-path=\"url(#97d6f80ba1)\"><path fill=\"#7eb1e7\" d=\"M 17.003906 33.269531 C 14.992188 32.386719 4.980469 19.433594 4.980469 12.757812 C 4.980469 6.035156 10.28125 0.734375 17.003906 0.734375 C 23.726562 0.734375 29.027344 6.132812 29.027344 12.957031 C 29.027344 19.578125 19.015625 32.386719 17.003906 33.269531 Z M 17.003906 33.269531 \" fill-opacity=\"1\" fill-rule=\"nonzero\"><\/path><\/g><g clip-path=\"url(#200c113262)\"><path fill=\"#7eb1e7\" d=\"M 17.003906 1.472656 C 23.332031 1.472656 28.289062 6.527344 28.289062 12.957031 C 28.289062 15.605469 26.425781 19.875 23.1875 24.734375 C 20.585938 28.707031 18.082031 31.503906 17.003906 32.386719 C 15.972656 31.503906 13.421875 28.707031 10.820312 24.683594 C 7.582031 19.726562 5.714844 15.410156 5.714844 12.757812 C 5.714844 6.429688 10.671875 1.472656 17.003906 1.472656 M 17.003906 0 C 9.839844 0 4.246094 5.59375 4.246094 12.757812 C 4.246094 19.921875 15.285156 34.007812 17.003906 34.007812 C 18.722656 34.007812 29.761719 20.121094 29.761719 12.957031 C 29.761719 5.789062 24.167969 0 17.003906 0 Z M 17.003906 0 \" fill-opacity=\"1\" fill-rule=\"nonzero\"><\/path><\/g><\/svg>\t\t\t\t\t\t<\/span>\n\t\t\t\t\t\t\t\t\t\t<span class=\"elementor-icon-list-text\">Revendeurs officiels 3DCS<\/span>\n\t\t\t\t\t\t\t\t\t<\/li>\n\t\t\t\t\t\t<\/ul>\n\t\t\t\t\t\t<\/div>\n\t\t\t\t<\/div>\n\t\t\t\t<\/div>\n\t\t\t\t\t<\/div>\n\t\t\t\t<\/div>\n\t\t<div class=\"elementor-element elementor-element-4e6c9c3 padding-section e-flex e-con-boxed e-con e-parent\" data-id=\"4e6c9c3\" data-element_type=\"container\" data-e-type=\"container\" data-settings=\"{&quot;background_background&quot;:&quot;classic&quot;}\">\n\t\t\t\t\t<div class=\"e-con-inner\">\n\t\t<div class=\"elementor-element elementor-element-c3ee42a e-con-full e-flex e-con e-child\" data-id=\"c3ee42a\" data-element_type=\"container\" data-e-type=\"container\">\n\t\t\t\t<div class=\"elementor-element elementor-element-800ec2c elementor-widget elementor-widget-text-editor\" data-id=\"800ec2c\" data-element_type=\"widget\" data-e-type=\"widget\" data-widget_type=\"text-editor.default\">\n\t\t\t\t<div class=\"elementor-widget-container\">\n\t\t\t\t\t\t\t\t\t<p data-path-to-node=\"3,0\">Le groupe Metrologic DCS s\u2019appuie sur un <b data-path-to-node=\"3,0\" data-index-in-node=\"42\">r\u00e9seau mondial d\u2019experts certifi\u00e9s<\/b> pour vous accompagner dans vos projets de m\u00e9trologie et d&#8217;analyse de tol\u00e9rances.<\/p><p data-path-to-node=\"3,1\">O\u00f9 que vous soyez, nous vous mettons en relation avec l&#8217;interlocuteur le plus qualifi\u00e9 pour votre secteur d&#8217;activit\u00e9. Cliquez sur le bouton <b data-path-to-node=\"3,1\" data-index-in-node=\"140\">\u00ab Contacter un expert \u00bb<\/b> pour initier votre projet.<\/p>\t\t\t\t\t\t\t\t<\/div>\n\t\t\t\t<\/div>\n\t\t\t\t<div class=\"elementor-element elementor-element-652e9e1 elementor-align-center elementor-widget elementor-widget-button\" data-id=\"652e9e1\" data-element_type=\"widget\" data-e-type=\"widget\" data-widget_type=\"button.default\">\n\t\t\t\t<div class=\"elementor-widget-container\">\n\t\t\t\t\t\t\t\t\t<div class=\"elementor-button-wrapper\">\n\t\t\t\t\t<a class=\"elementor-button elementor-button-link elementor-size-sm\" href=\"https:\/\/www.metrologicdcs.com\/fr\/contact\/\">\n\t\t\t\t\t\t<span class=\"elementor-button-content-wrapper\">\n\t\t\t\t\t\t\t\t\t<span class=\"elementor-button-text\">Contacter un expert<\/span>\n\t\t\t\t\t<\/span>\n\t\t\t\t\t<\/a>\n\t\t\t\t<\/div>\n\t\t\t\t\t\t\t\t<\/div>\n\t\t\t\t<\/div>\n\t\t\t\t<\/div>\n\t\t\t\t<div class=\"elementor-element elementor-element-bbf3f2a elementor-widget-divider--view-line elementor-widget elementor-widget-divider\" data-id=\"bbf3f2a\" data-element_type=\"widget\" data-e-type=\"widget\" data-widget_type=\"divider.default\">\n\t\t\t\t<div class=\"elementor-widget-container\">\n\t\t\t\t\t\t\t<div class=\"elementor-divider\">\n\t\t\t<span class=\"elementor-divider-separator\">\n\t\t\t\t\t\t<\/span>\n\t\t<\/div>\n\t\t\t\t\t\t<\/div>\n\t\t\t\t<\/div>\n\t\t<div class=\"elementor-element elementor-element-9bd4228 e-con-full e-flex e-con e-child\" data-id=\"9bd4228\" data-element_type=\"container\" data-e-type=\"container\">\n\t\t\t\t<div class=\"elementor-element elementor-element-71a6143 elementor-widget elementor-widget-text-editor\" data-id=\"71a6143\" data-element_type=\"widget\" data-e-type=\"widget\" data-widget_type=\"text-editor.default\">\n\t\t\t\t<div class=\"elementor-widget-container\">\n\t\t\t\t\t\t\t\t\t<p>Vous \u00eates client et avez une question technique\u00a0? <strong>Connectez-vous \u00e0 la plateforme d&#8217;assistance technique<\/strong> et nous nous occuperons de votre demande dans les plus brefs d\u00e9lais.<\/p>\t\t\t\t\t\t\t\t<\/div>\n\t\t\t\t<\/div>\n\t\t\t\t<div class=\"elementor-element elementor-element-7f21e1f elementor-align-center elementor-widget elementor-widget-button\" data-id=\"7f21e1f\" data-element_type=\"widget\" data-e-type=\"widget\" data-widget_type=\"button.default\">\n\t\t\t\t<div class=\"elementor-widget-container\">\n\t\t\t\t\t\t\t\t\t<div class=\"elementor-button-wrapper\">\n\t\t\t\t\t<a class=\"elementor-button elementor-button-link elementor-size-sm\" href=\"https:\/\/my.metrologicdcs.com\" target=\"_blank\">\n\t\t\t\t\t\t<span class=\"elementor-button-content-wrapper\">\n\t\t\t\t\t\t\t\t\t<span class=\"elementor-button-text\">Se connecter<\/span>\n\t\t\t\t\t<\/span>\n\t\t\t\t\t<\/a>\n\t\t\t\t<\/div>\n\t\t\t\t\t\t\t\t<\/div>\n\t\t\t\t<\/div>\n\t\t\t\t<\/div>\n\t\t\t\t\t<\/div>\n\t\t\t\t<\/div>\n\t\t\t\t<\/div>\n\t\t","protected":false},"excerpt":{"rendered":"<p>Agences locales Revendeurs officiels Metrologic, Silma, Planner, QDM Revendeurs officiels 3DCS Le groupe Metrologic DCS s\u2019appuie sur un r\u00e9seau mondial d\u2019experts certifi\u00e9s pour vous accompagner dans vos projets de m\u00e9trologie et d&#8217;analyse de tol\u00e9rances. O\u00f9 que vous soyez, nous vous mettons en relation avec l&#8217;interlocuteur le plus qualifi\u00e9 pour votre secteur d&#8217;activit\u00e9. Cliquez sur le [&hellip;]<\/p>\n","protected":false},"author":2,"featured_media":0,"parent":0,"menu_order":0,"comment_status":"closed","ping_status":"closed","template":"","meta":{"_acf_changed":false,"footnotes":""},"categories":[],"class_list":["post-830","page","type-page","status-publish","hentry"],"acf":[],"_links":{"self":[{"href":"https:\/\/www.metrologicdcs.com\/fr\/wp-json\/wp\/v2\/pages\/830","targetHints":{"allow":["GET"]}}],"collection":[{"href":"https:\/\/www.metrologicdcs.com\/fr\/wp-json\/wp\/v2\/pages"}],"about":[{"href":"https:\/\/www.metrologicdcs.com\/fr\/wp-json\/wp\/v2\/types\/page"}],"author":[{"embeddable":true,"href":"https:\/\/www.metrologicdcs.com\/fr\/wp-json\/wp\/v2\/users\/2"}],"replies":[{"embeddable":true,"href":"https:\/\/www.metrologicdcs.com\/fr\/wp-json\/wp\/v2\/comments?post=830"}],"version-history":[{"count":3,"href":"https:\/\/www.metrologicdcs.com\/fr\/wp-json\/wp\/v2\/pages\/830\/revisions"}],"predecessor-version":[{"id":19386823,"href":"https:\/\/www.metrologicdcs.com\/fr\/wp-json\/wp\/v2\/pages\/830\/revisions\/19386823"}],"wp:attachment":[{"href":"https:\/\/www.metrologicdcs.com\/fr\/wp-json\/wp\/v2\/media?parent=830"}],"wp:term":[{"taxonomy":"category","embeddable":true,"href":"https:\/\/www.metrologicdcs.com\/fr\/wp-json\/wp\/v2\/categories?post=830"}],"curies":[{"name":"wp","href":"https:\/\/api.w.org\/{rel}","templated":true}]}}