{"id":19381309,"date":"2025-12-23T17:38:20","date_gmt":"2025-12-23T16:38:20","guid":{"rendered":"https:\/\/www.metrologicdcs.com\/dimensional-engineering-services-dcs\/"},"modified":"2026-04-23T09:18:06","modified_gmt":"2026-04-23T07:18:06","slug":"dimensional-engineering-services-dcs","status":"publish","type":"page","link":"https:\/\/www.metrologicdcs.com\/fr\/dimensional-engineering-services-dcs\/","title":{"rendered":"dimensional-engineering-services-dcs"},"content":{"rendered":"\t\t<div data-elementor-type=\"wp-page\" data-elementor-id=\"19381309\" class=\"elementor elementor-19381309 elementor-19378892\" data-elementor-post-type=\"page\">\n\t\t\t\t<div class=\"elementor-element elementor-element-c95aeb2 e-con-full e-flex e-con e-parent\" data-id=\"c95aeb2\" data-element_type=\"container\" data-e-type=\"container\">\n\t\t\t\t<div class=\"elementor-element elementor-element-5e2c1b4 elementor-widget elementor-widget-shortcode\" data-id=\"5e2c1b4\" data-element_type=\"widget\" data-e-type=\"widget\" data-widget_type=\"shortcode.default\">\n\t\t\t\t<div class=\"elementor-widget-container\">\n\t\t\t\t\t\t\t<div class=\"elementor-shortcode\">\t\t<div data-elementor-type=\"section\" data-elementor-id=\"19378584\" class=\"elementor elementor-19378584\" data-elementor-post-type=\"elementor_library\">\n\t\t\t<div class=\"elementor-element elementor-element-167f7a5 padding-section e-flex e-con-boxed e-con e-parent\" data-id=\"167f7a5\" data-element_type=\"container\" data-e-type=\"container\" data-settings=\"{&quot;background_background&quot;:&quot;gradient&quot;}\">\n\t\t\t\t\t<div class=\"e-con-inner\">\n\t\t\t\t<div class=\"elementor-element elementor-element-fa675b9 elementor-widget elementor-widget-html\" data-id=\"fa675b9\" data-element_type=\"widget\" data-e-type=\"widget\" data-widget_type=\"html.default\">\n\t\t\t\t<div class=\"elementor-widget-container\">\n\t\t\t\t\t<div class=\"wave-big wave-white\">\r\n\t<div class=\"wave-big wave-white\">\r\n\t\t<div class=\"wave-big wave-white\">\r\n\t\t\t<div class=\"wave-big wave-white\">\r\n\t\t\t\t<div class=\"wave-big wave-white\">\r\n\t\t\t\t\t<div class=\"wave-big wave-white\">\r\n\t\t\t\t\t\t<div class=\"wave-big wave-white\">\r\n\t\t\t\t\t\t\t<div class=\"wave-big wave-white\">\r\n\t\t\t\t\t\t\t<\/div>\r\n\t\t\t\t\t\t<\/div>\r\n\t\t\t\t\t<\/div>\r\n\t\t\t\t<\/div>\r\n\t\t\t<\/div>\t\r\n\t\t<\/div>\r\n\t<\/div>\r\n<\/div>\t\t\t\t<\/div>\n\t\t\t\t<\/div>\n\t\t<div class=\"elementor-element elementor-element-806659b e-con-full animated-slow e-flex elementor-invisible e-con e-child\" data-id=\"806659b\" data-element_type=\"container\" data-e-type=\"container\" data-settings=\"{&quot;background_background&quot;:&quot;classic&quot;,&quot;animation&quot;:&quot;fadeIn&quot;}\">\n\t\t\t\t<div class=\"elementor-element elementor-element-f8466ed elementor-widget__width-inherit elementor-widget elementor-widget-heading\" data-id=\"f8466ed\" data-element_type=\"widget\" data-e-type=\"widget\" data-widget_type=\"heading.default\">\n\t\t\t\t<div class=\"elementor-widget-container\">\n\t\t\t\t\t<h1 class=\"elementor-heading-title elementor-size-default\">Services et soutien<\/h1>\t\t\t\t<\/div>\n\t\t\t\t<\/div>\n\t\t\t\t<div class=\"elementor-element elementor-element-c8e6bd6 elementor-widget elementor-widget-text-editor\" data-id=\"c8e6bd6\" data-element_type=\"widget\" data-e-type=\"widget\" data-widget_type=\"text-editor.default\">\n\t\t\t\t<div class=\"elementor-widget-container\">\n\t\t\t\t\t\t\t\t\t<p>Le DCS offre une vari\u00e9t\u00e9 de services pour soutenir vos initiatives en mati\u00e8re de qualit\u00e9<\/p>\n\t\t\t\t\t\t\t\t<\/div>\n\t\t\t\t<\/div>\n\t\t\t\t<\/div>\n\t\t<div class=\"elementor-element elementor-element-891e0f4 e-con-full e-flex e-con e-child\" data-id=\"891e0f4\" data-element_type=\"container\" data-e-type=\"container\">\n\t\t\t\t<\/div>\n\t\t\t\t\t<\/div>\n\t\t\t\t<\/div>\n\t\t\t\t<\/div>\n\t\t<\/div>\n\t\t\t\t\t\t<\/div>\n\t\t\t\t<\/div>\n\t\t\t\t<\/div>\n\t\t<div class=\"elementor-element elementor-element-f142c1e padding-section e-flex e-con-boxed e-con e-parent\" data-id=\"f142c1e\" data-element_type=\"container\" data-e-type=\"container\" data-settings=\"{&quot;background_background&quot;:&quot;classic&quot;}\">\n\t\t\t\t\t<div class=\"e-con-inner\">\n\t\t\t\t<div class=\"elementor-element elementor-element-e6d8f85 e-n-tabs-mobile elementor-widget elementor-widget-n-tabs\" data-id=\"e6d8f85\" data-element_type=\"widget\" data-e-type=\"widget\" data-widget_type=\"nested-tabs.default\">\n\t\t\t\t<div class=\"elementor-widget-container\">\n\t\t\t\t\t\t\t<div class=\"e-n-tabs\" data-widget-number=\"242061189\" aria-label=\"Onglets. Ouvrez des \u00e9l\u00e9ments avec Entrer ou Espace, fermez-les avec Echape et naviguez \u00e0 l&#039;aide des touches fl\u00e9ch\u00e9es.\">\n\t\t\t<div class=\"e-n-tabs-heading\" role=\"tablist\">\n\t\t\t\t\t<button id=\"e-n-tab-title-2420611891\" data-tab-title-id=\"e-n-tab-title-2420611891\" class=\"e-n-tab-title\" aria-selected=\"true\" data-tab-index=\"1\" role=\"tab\" tabindex=\"0\" aria-controls=\"e-n-tab-content-2420611891\" style=\"--n-tabs-title-order: 1;\">\n\t\t\t\t\t\t<span class=\"e-n-tab-title-text\">\n\t\t\t\tTolerance Stack Up Analysis Training<br><i>Le cours fournit les connaissances th\u00e9oriques et le savoir-faire pratique pour effectuer un calcul de pile et comprend de nombreux exercices pratiques de probl\u00e8mes g\u00e9n\u00e9riques, des exercices et des solutions compl\u00e8tes de probl\u00e8mes r\u00e9els.<\/i>\t\t\t<\/span>\n\t\t<\/button>\n\t\t\t\t<button id=\"e-n-tab-title-2420611892\" data-tab-title-id=\"e-n-tab-title-2420611892\" class=\"e-n-tab-title\" aria-selected=\"false\" data-tab-index=\"2\" role=\"tab\" tabindex=\"-1\" aria-controls=\"e-n-tab-content-2420611892\" style=\"--n-tabs-title-order: 2;\">\n\t\t\t\t\t\t<span class=\"e-n-tab-title-text\">\n\t\t\t\tFormation au logiciel<br><i> Formez-vous au logiciel d'analyse de la tol\u00e9rance le plus utilis\u00e9 au monde.<\/i>\t\t\t<\/span>\n\t\t<\/button>\n\t\t\t\t<button id=\"e-n-tab-title-2420611893\" data-tab-title-id=\"e-n-tab-title-2420611893\" class=\"e-n-tab-title\" aria-selected=\"false\" data-tab-index=\"3\" role=\"tab\" tabindex=\"-1\" aria-controls=\"e-n-tab-content-2420611893\" style=\"--n-tabs-title-order: 3;\">\n\t\t\t\t\t\t<span class=\"e-n-tab-title-text\">\n\t\t\t\tConseil en processus de qualit\u00e9<br><i>L'\u00e9quipe d'experts en qualit\u00e9 de DCS peut fournir un retour d'information sur vos processus de qualit\u00e9, en vous aidant \u00e0 automatiser et \u00e0 num\u00e9riser votre inspection de la qualit\u00e9.<\/i>\t\t\t<\/span>\n\t\t<\/button>\n\t\t\t\t<button id=\"e-n-tab-title-2420611894\" data-tab-title-id=\"e-n-tab-title-2420611894\" class=\"e-n-tab-title\" aria-selected=\"false\" data-tab-index=\"4\" role=\"tab\" tabindex=\"-1\" aria-controls=\"e-n-tab-content-2420611894\" style=\"--n-tabs-title-order: 4;\">\n\t\t\t\t\t\t<span class=\"e-n-tab-title-text\">\n\t\t\t\tFormation GD&amp;T<br><i> Les formateurs certifi\u00e9s ASME de DCS peuvent fournir \u00e0 votre \u00e9quipe les outils dont elle a besoin pour utiliser les m\u00e9thodes GD&amp;T actuelles afin de cr\u00e9er et de lire les dessins et les mod\u00e8les.<\/i>\t\t\t<\/span>\n\t\t<\/button>\n\t\t\t\t\t<\/div>\n\t\t\t<div class=\"e-n-tabs-content\">\n\t\t\t\t<div id=\"e-n-tab-content-2420611891\" role=\"tabpanel\" aria-labelledby=\"e-n-tab-title-2420611891\" data-tab-index=\"1\" style=\"--n-tabs-title-order: 1;\" class=\"e-active elementor-element elementor-element-704df65 e-con-full e-flex e-con e-child\" data-id=\"704df65\" data-element_type=\"container\" data-e-type=\"container\">\n\t\t\t\t<div class=\"elementor-element elementor-element-e8901b8 elementor-widget elementor-widget-text-editor\" data-id=\"e8901b8\" data-element_type=\"widget\" data-e-type=\"widget\" data-widget_type=\"text-editor.default\">\n\t\t\t\t<div class=\"elementor-widget-container\">\n\t\t\t\t\t\t\t\t\t<p><strong>Description du cours<\/strong><\/p>\n<p>L&#8217;analyse de la pile de tol\u00e9rances \u00e9tudie la relation mutuelle entre les limites d&#8217;\u00e9cart autoris\u00e9es entre les pi\u00e8ces et les assemblages. Le calcul de la pile am\u00e9liore la compr\u00e9hension de la solution de conception, permet l&#8217;identification pr\u00e9coce des probl\u00e8mes d\u00e8s le stade de la conception, constitue la base de la prise de d\u00e9cision et est utilis\u00e9 pour optimiser les tol\u00e9rances afin de r\u00e9duire les co\u00fbts et d&#8217;am\u00e9liorer les performances du produit. <\/p>\n<p>Ce cours fournit les connaissances th\u00e9oriques et le savoir-faire pratique pour effectuer le calcul de la pile et comprend des exercices pratiques lourds de probl\u00e8mes g\u00e9n\u00e9riques, des exercices et des solutions compl\u00e8tes de probl\u00e8mes r\u00e9els (la possibilit\u00e9 d&#8217;appliquer les exercices aux pi\u00e8ces et assemblages de votre entreprise d\u00e9pend de la soumission pr\u00e9alable de dessins et d&#8217;assemblages). Il s&#8217;agit d&#8217;un cours GD&amp;T avanc\u00e9. <\/p>\n<p><strong>Contenu du cours<\/strong><\/p>\n<ul>\n<li>Introduction et d\u00e9finitions du calcul de la pile de tol\u00e9rance<\/li>\n<li>Principes et r\u00e8gles de calcul des piles<\/li>\n<li>Diagramme de tol\u00e9rance<\/li>\n<li>Empilement de tol\u00e9rances &#8211; moulage et concentricit\u00e9 (pi\u00e8ce, assemblage)<\/li>\n<li>Pile de tol\u00e9rances &#8211; profil (pi\u00e8ce, assemblage)<\/li>\n<li>Pile de tol\u00e9rance &#8211; position<\/li>\n<li>Empilement de tol\u00e9rances &#8211; position avec conditions mat\u00e9rielles &#8211; prime et \u00e9quipe (pi\u00e8ce, assemblage)<\/li>\n<li>Pile de tol\u00e9rance &#8211; forme (caract\u00e9ristique, FOS, caract\u00e9ristique de taille)<\/li>\n<li>Pile de tol\u00e9rance &#8211; orientation (Feature, FOS)<\/li>\n<li>Calcul int\u00e9gr\u00e9 de la pile de tol\u00e9rances (pi\u00e8ce, assemblage)<\/li>\n<li>Application du calcul de la pile de tol\u00e9rance \u00e0 l&#8217;optimisation de la tol\u00e9rance<\/li>\n<li>R\u00e9sum\u00e9 de l&#8217;exercice pratique<\/li>\n<\/ul>\t\t\t\t\t\t\t\t<\/div>\n\t\t\t\t<\/div>\n\t\t\t\t<\/div>\n\t\t<div id=\"e-n-tab-content-2420611892\" role=\"tabpanel\" aria-labelledby=\"e-n-tab-title-2420611892\" data-tab-index=\"2\" style=\"--n-tabs-title-order: 2;\" class=\" elementor-element elementor-element-fa19a94 e-con-full e-flex e-con e-child\" data-id=\"fa19a94\" data-element_type=\"container\" data-e-type=\"container\">\n\t\t\t\t<div class=\"elementor-element elementor-element-798d018 elementor-widget elementor-widget-image\" data-id=\"798d018\" data-element_type=\"widget\" data-e-type=\"widget\" data-widget_type=\"image.default\">\n\t\t\t\t<div class=\"elementor-widget-container\">\n\t\t\t\t\t\t\t\t\t\t\t\t\t\t\t<img decoding=\"async\" width=\"800\" height=\"428\" src=\"https:\/\/www.metrologicdcs.com\/wp-content\/uploads\/3DCS-separated-cellphone-analysis-1.webp\" class=\"attachment-large size-large wp-image-19381321\" alt=\"\" srcset=\"https:\/\/www.metrologicdcs.com\/wp-content\/uploads\/3DCS-separated-cellphone-analysis-1.webp 846w, https:\/\/www.metrologicdcs.com\/wp-content\/uploads\/3DCS-separated-cellphone-analysis-1-600x321.webp 600w, https:\/\/www.metrologicdcs.com\/wp-content\/uploads\/3DCS-separated-cellphone-analysis-1-400x214.webp 400w, https:\/\/www.metrologicdcs.com\/wp-content\/uploads\/3DCS-separated-cellphone-analysis-1-768x411.webp 768w\" sizes=\"(max-width: 800px) 100vw, 800px\" \/>\t\t\t\t\t\t\t\t\t\t\t\t\t\t\t<\/div>\n\t\t\t\t<\/div>\n\t\t\t\t<div class=\"elementor-element elementor-element-b7dc03e elementor-widget elementor-widget-text-editor\" data-id=\"b7dc03e\" data-element_type=\"widget\" data-e-type=\"widget\" data-widget_type=\"text-editor.default\">\n\t\t\t\t<div class=\"elementor-widget-container\">\n\t\t\t\t\t\t\t\t\t<p>Nos cours pr\u00e9pareront pleinement vos employ\u00e9s \u00e0 relever les d\u00e9fis de l&#8217;ing\u00e9nierie dimensionnelle. Chaque cours propose des exemples concrets qui rendent la mati\u00e8re int\u00e9ressante, informative et applicable \u00e0 votre propre environnement logiciel. <\/p><p>Nous offrons \u00e0 nos clients la possibilit\u00e9 de renforcer leurs comp\u00e9tences et d&#8217;\u00e9tendre leurs connaissances dans plusieurs domaines. En tant que client de 3DCS, vous entendrez des experts en statistiques d&#8217;ing\u00e9nierie, en dimensionnement et tol\u00e9rancement g\u00e9om\u00e9trique (GD&amp;T) certifi\u00e9 par l&#8217;ASME, et en <a href=\"https:\/\/www.metrologicdcs.com\/fr\/3dcs\/\">solutions logicielles 3DCS &#8211; la<\/a>m\u00eame formation qui fait de nos employ\u00e9s les meilleurs de l&#8217;industrie. <\/p><div><strong>Formation aux logiciels de base<\/strong><\/div><ul><li><span style=\"background-color: transparent;\">VA (40 heures) &#8211; Analyste de variation 3DCS<\/span><\/li><li><span style=\"background-color: transparent;\">VA (24 heures) &#8211; Analyste de variation 3DCS<\/span><\/li><li><span style=\"background-color: transparent;\">DVM &#8211; Mod\u00e9lisateur de variations de conception 3DCS<\/span><\/li><\/ul><div><strong>Formation aux logiciels compl\u00e9mentaires<\/strong><\/div><ul><li><span style=\"background-color: transparent;\">CM &#8211; Mod\u00e9lisateur conforme FEA<\/span><\/li><li><span style=\"background-color: transparent;\">MM &#8211; Mod\u00e9lisateur m\u00e9canique<\/span><\/li><li><span style=\"background-color: transparent;\">AAO &#8211; Analyseurs et optimiseurs avanc\u00e9s<\/span><\/li><\/ul><div><strong>Formation compl\u00e9mentaire aux logiciels ou formation personnalis\u00e9e aux logiciels<\/strong><\/div><ul><li><span style=\"background-color: transparent;\">Mentorat<\/span><\/li><\/ul>\t\t\t\t\t\t\t\t<\/div>\n\t\t\t\t<\/div>\n\t\t\t\t<\/div>\n\t\t<div id=\"e-n-tab-content-2420611893\" role=\"tabpanel\" aria-labelledby=\"e-n-tab-title-2420611893\" data-tab-index=\"3\" style=\"--n-tabs-title-order: 3;\" class=\" elementor-element elementor-element-a5abd90 e-con-full e-flex e-con e-child\" data-id=\"a5abd90\" data-element_type=\"container\" data-e-type=\"container\">\n\t\t\t\t<div class=\"elementor-element elementor-element-c877af6 elementor-widget elementor-widget-text-editor\" data-id=\"c877af6\" data-element_type=\"widget\" data-e-type=\"widget\" data-widget_type=\"text-editor.default\">\n\t\t\t\t<div class=\"elementor-widget-container\">\n\t\t\t\t\t\t\t\t\t<h4>Comprendre et automatiser vos processus de qualit\u00e9<\/h4>\n<p>La qualit\u00e9 est importante. Mais il n&#8217;est pas facile d&#8217;obtenir des r\u00e9sultats concrets et des am\u00e9liorations de vos processus de qualit\u00e9. La collecte de donn\u00e9es et de mesures n&#8217;est qu&#8217;une premi\u00e8re \u00e9tape, car la prise de d\u00e9cisions exploitables \u00e0 partir de ces donn\u00e9es peut n\u00e9cessiter de nombreuses heures de recherche dans de vastes ensembles de donn\u00e9es, d&#8217;examen d&#8217;\u00e9normes feuilles de calcul et d&#8217;\u00e9tablissement de statistiques.  &nbsp;<\/p>\n<ul>\n<li>Les consultations sur la qualit\u00e9 sont effectu\u00e9es par des Ceintures noires Six Sigma certifi\u00e9es.<\/li>\n<li>Le rapport final comprend des am\u00e9liorations de processus, des suggestions de syst\u00e8mes de qualit\u00e9 et des techniques d&#8217;automatisation.<\/li>\n<li><strong>Obtenez une \u00e9valuation de base gratuite !<\/strong><span>&nbsp;<\/span>D\u00e9cidez ensuite d&#8217;utiliser le DCS ou de faire appel \u00e0 votre propre personnel interne charg\u00e9 de la qualit\u00e9.&nbsp;<\/li>\n<\/ul>\t\t\t\t\t\t\t\t<\/div>\n\t\t\t\t<\/div>\n\t\t\t\t<\/div>\n\t\t<div id=\"e-n-tab-content-2420611894\" role=\"tabpanel\" aria-labelledby=\"e-n-tab-title-2420611894\" data-tab-index=\"4\" style=\"--n-tabs-title-order: 4;\" class=\" elementor-element elementor-element-08a6804 e-con-full e-flex e-con e-child\" data-id=\"08a6804\" data-element_type=\"container\" data-e-type=\"container\">\n\t\t\t\t<div class=\"elementor-element elementor-element-a92d55d elementor-widget elementor-widget-text-editor\" data-id=\"a92d55d\" data-element_type=\"widget\" data-e-type=\"widget\" data-widget_type=\"text-editor.default\">\n\t\t\t\t<div class=\"elementor-widget-container\">\n\t\t\t\t\t\t\t\t\t<h4>Pourquoi adopter la GD&amp;T dans votre entreprise ?<\/h4>\n<p>Il y a plusieurs raisons d&#8217;adopter la GD&amp;T dans votre entreprise :<\/p>\n<p><strong>Clart\u00e9 et coh\u00e9rence dans le processus de conception<\/strong><em>. <\/em>La GD&amp;T fournit une m\u00e9thode claire et concise pour d\u00e9finir un syst\u00e8me de coordonn\u00e9es de r\u00e9f\u00e9rence sur un composant ou un assemblage, qui peut \u00eatre utilis\u00e9 tout au long de la fabrication et de l&#8217;inspection. Cela permet de r\u00e9duire les erreurs d&#8217;interpr\u00e9tation et la n\u00e9cessit\u00e9 d&#8217;avoir recours \u00e0 un syst\u00e8me de coordonn\u00e9es de r\u00e9f\u00e9rence pour la fabrication et l&#8217;inspection. &nbsp;<a href=\"https:\/\/www.metrologicdcs.com\/waste-vs-scrap-one-and-the-same\/\">les modifications techniques co\u00fbteuses et les retouches<\/a> qui peuvent r\u00e9sulter d&#8217;un manque de clart\u00e9.<\/p>\n<p><strong>Un gain de temps consid\u00e9rable<\/strong><em>. <\/em>En utilisant la GD&amp;T, les ing\u00e9nieurs r\u00e9duisent consid\u00e9rablement leur besoin de notes de dessin pour d\u00e9crire les exigences g\u00e9om\u00e9triques complexes des composants et des assemblages.<\/p>\n<p><strong>S&#8217;adapter aux m\u00e9thodes accept\u00e9es de conception pour la fabrication<\/strong><em>. <\/em>L&#8217;application correcte de la GD&amp;T correspond \u00e9troitement aux processus accept\u00e9s et logiques de conception m\u00e9canique et aux consid\u00e9rations relatives \u00e0 la conception pour la fabrication. Par exemple, les variations admissibles d\u00e9finies par la m\u00e9thode GD&amp;T peuvent \u00eatre directement lues, ou &#8220;import\u00e9es&#8221;, dans des dessins en 3D. &nbsp;<a href=\"https:\/\/www.metrologicdcs.com\/fr\/3dcs\/\">un logiciel d&#8217;analyse des tol\u00e9rances<\/a> tel que 3DCS.<\/p>\n<p>DCS propose des cours d&#8217;initiation et de perfectionnement en GD&amp;T pour permettre \u00e0 votre \u00e9quipe de se mettre \u00e0 niveau et d&#8217;appliquer les concepts GD&amp;T.<\/p>\n<div><strong>Formation GD&amp;T<\/strong><\/div>\n<ul>\n<li><span style=\"background-color: transparent;\">GD&amp;T de base (8 heures)<\/span><\/li>\n<li><span style=\"background-color: transparent;\">GD&amp;T avanc\u00e9 (24 heures)<\/span><\/li>\n<\/ul>\t\t\t\t\t\t\t\t<\/div>\n\t\t\t\t<\/div>\n\t\t\t\t<\/div>\n\t\t\t\t\t<\/div>\n\t\t<\/div>\n\t\t\t\t\t\t<\/div>\n\t\t\t\t<\/div>\n\t\t\t\t\t<\/div>\n\t\t\t\t<\/div>\n\t\t<div class=\"elementor-element elementor-element-4d54eba e-con-full padding-section e-flex e-con e-parent\" data-id=\"4d54eba\" data-element_type=\"container\" data-e-type=\"container\" data-settings=\"{&quot;background_background&quot;:&quot;classic&quot;}\">\n\t\t<div class=\"elementor-element elementor-element-f3b1744 e-con-full e-flex elementor-invisible e-con e-child\" data-id=\"f3b1744\" data-element_type=\"container\" data-e-type=\"container\" data-settings=\"{&quot;background_background&quot;:&quot;gradient&quot;,&quot;animation&quot;:&quot;fadeInUp&quot;}\">\n\t\t<div class=\"elementor-element elementor-element-1948a2d e-con-full e-flex e-con e-child\" data-id=\"1948a2d\" data-element_type=\"container\" data-e-type=\"container\">\n\t\t\t\t<div class=\"elementor-element elementor-element-db89cac elementor-widget__width-initial elementor-widget elementor-widget-heading\" data-id=\"db89cac\" data-element_type=\"widget\" data-e-type=\"widget\" data-widget_type=\"heading.default\">\n\t\t\t\t<div class=\"elementor-widget-container\">\n\t\t\t\t\t<div class=\"elementor-heading-title elementor-size-default\">Parlez \u00e0 nos sp\u00e9cialistes d\u00e8s aujourd'hui\n<\/div>\t\t\t\t<\/div>\n\t\t\t\t<\/div>\n\t\t\t\t<div class=\"elementor-element elementor-element-cbeec35 elementor-widget elementor-widget-text-editor\" data-id=\"cbeec35\" data-element_type=\"widget\" data-e-type=\"widget\" data-widget_type=\"text-editor.default\">\n\t\t\t\t<div class=\"elementor-widget-container\">\n\t\t\t\t\t\t\t\t\tContactez l&#8217;\u00e9quipe DCS Service pour savoir comment DCS peut vous aider \u00e0 r\u00e9ussir tout en r\u00e9duisant vos d\u00e9lais de livraison et en fournissant un retour d&#8217;information pr\u00e9cieux sur vos produits.  \t\t\t\t\t\t\t\t<\/div>\n\t\t\t\t<\/div>\n\t\t\t\t<\/div>\n\t\t\t\t<div class=\"elementor-element elementor-element-53a762f light-btn request-demo elementor-widget elementor-widget-button\" data-id=\"53a762f\" data-element_type=\"widget\" data-e-type=\"widget\" data-widget_type=\"button.default\">\n\t\t\t\t<div class=\"elementor-widget-container\">\n\t\t\t\t\t\t\t\t\t<div class=\"elementor-button-wrapper\">\n\t\t\t\t\t<a class=\"elementor-button elementor-button-link elementor-size-sm\" href=\"https:\/\/www.metrologicdcs.com\/fr\/demander-une-demo\/\">\n\t\t\t\t\t\t<span class=\"elementor-button-content-wrapper\">\n\t\t\t\t\t\t<span class=\"elementor-button-icon\">\n\t\t\t\t<svg aria-hidden=\"true\" class=\"e-font-icon-svg e-fas-angle-right\" viewBox=\"0 0 256 512\" xmlns=\"http:\/\/www.w3.org\/2000\/svg\"><path d=\"M224.3 273l-136 136c-9.4 9.4-24.6 9.4-33.9 0l-22.6-22.6c-9.4-9.4-9.4-24.6 0-33.9l96.4-96.4-96.4-96.4c-9.4-9.4-9.4-24.6 0-33.9L54.3 103c9.4-9.4 24.6-9.4 33.9 0l136 136c9.5 9.4 9.5 24.6.1 34z\"><\/path><\/svg>\t\t\t<\/span>\n\t\t\t\t\t\t\t\t\t<span class=\"elementor-button-text\">Contacter Metrologic DCS<\/span>\n\t\t\t\t\t<\/span>\n\t\t\t\t\t<\/a>\n\t\t\t\t<\/div>\n\t\t\t\t\t\t\t\t<\/div>\n\t\t\t\t<\/div>\n\t\t\t\t<\/div>\n\t\t\t\t<\/div>\n\t\t\t\t<\/div>\n\t\t","protected":false},"excerpt":{"rendered":"<p>Tolerance Stack Up Analysis TrainingLe cours fournit les connaissances th\u00e9oriques et le savoir-faire pratique pour effectuer un calcul de pile et comprend de nombreux exercices pratiques de probl\u00e8mes g\u00e9n\u00e9riques, des exercices et des solutions compl\u00e8tes de probl\u00e8mes r\u00e9els. Formation au logiciel Formez-vous au logiciel d&#8217;analyse de la tol\u00e9rance le plus utilis\u00e9 au monde. Conseil en [&hellip;]<\/p>\n","protected":false},"author":2,"featured_media":0,"parent":0,"menu_order":0,"comment_status":"closed","ping_status":"closed","template":"elementor_header_footer","meta":{"_acf_changed":false,"footnotes":""},"categories":[],"class_list":["post-19381309","page","type-page","status-publish","hentry"],"acf":[],"_links":{"self":[{"href":"https:\/\/www.metrologicdcs.com\/fr\/wp-json\/wp\/v2\/pages\/19381309","targetHints":{"allow":["GET"]}}],"collection":[{"href":"https:\/\/www.metrologicdcs.com\/fr\/wp-json\/wp\/v2\/pages"}],"about":[{"href":"https:\/\/www.metrologicdcs.com\/fr\/wp-json\/wp\/v2\/types\/page"}],"author":[{"embeddable":true,"href":"https:\/\/www.metrologicdcs.com\/fr\/wp-json\/wp\/v2\/users\/2"}],"replies":[{"embeddable":true,"href":"https:\/\/www.metrologicdcs.com\/fr\/wp-json\/wp\/v2\/comments?post=19381309"}],"version-history":[{"count":2,"href":"https:\/\/www.metrologicdcs.com\/fr\/wp-json\/wp\/v2\/pages\/19381309\/revisions"}],"predecessor-version":[{"id":19387455,"href":"https:\/\/www.metrologicdcs.com\/fr\/wp-json\/wp\/v2\/pages\/19381309\/revisions\/19387455"}],"wp:attachment":[{"href":"https:\/\/www.metrologicdcs.com\/fr\/wp-json\/wp\/v2\/media?parent=19381309"}],"wp:term":[{"taxonomy":"category","embeddable":true,"href":"https:\/\/www.metrologicdcs.com\/fr\/wp-json\/wp\/v2\/categories?post=19381309"}],"curies":[{"name":"wp","href":"https:\/\/api.w.org\/{rel}","templated":true}]}}