{"id":19381015,"date":"2026-01-05T11:28:02","date_gmt":"2026-01-05T10:28:02","guid":{"rendered":"https:\/\/www.metrologicdcs.com\/despliegues\/"},"modified":"2026-02-24T14:25:32","modified_gmt":"2026-02-24T13:25:32","slug":"despliegues","status":"publish","type":"page","link":"https:\/\/www.metrologicdcs.com\/es\/despliegues\/","title":{"rendered":"despliegues"},"content":{"rendered":"\t\t<div data-elementor-type=\"wp-page\" data-elementor-id=\"19381015\" class=\"elementor elementor-19381015 elementor-19379173\" data-elementor-post-type=\"page\">\n\t\t\t\t<div class=\"elementor-element elementor-element-ffd8e86 e-con-full e-flex e-con e-parent\" data-id=\"ffd8e86\" data-element_type=\"container\" data-e-type=\"container\">\n\t\t\t\t<div class=\"elementor-element elementor-element-41366d1 elementor-widget elementor-widget-shortcode\" data-id=\"41366d1\" data-element_type=\"widget\" data-e-type=\"widget\" data-widget_type=\"shortcode.default\">\n\t\t\t\t<div class=\"elementor-widget-container\">\n\t\t\t\t\t\t\t<div class=\"elementor-shortcode\">\t\t<div data-elementor-type=\"section\" data-elementor-id=\"19378584\" class=\"elementor elementor-19378584\" data-elementor-post-type=\"elementor_library\">\n\t\t\t<div class=\"elementor-element elementor-element-167f7a5 padding-section e-flex e-con-boxed e-con e-parent\" data-id=\"167f7a5\" data-element_type=\"container\" data-e-type=\"container\" data-settings=\"{&quot;background_background&quot;:&quot;gradient&quot;}\">\n\t\t\t\t\t<div class=\"e-con-inner\">\n\t\t\t\t<div class=\"elementor-element elementor-element-fa675b9 elementor-widget elementor-widget-html\" data-id=\"fa675b9\" data-element_type=\"widget\" data-e-type=\"widget\" data-widget_type=\"html.default\">\n\t\t\t\t<div class=\"elementor-widget-container\">\n\t\t\t\t\t<div class=\"wave-big wave-white\">\r\n\t<div class=\"wave-big wave-white\">\r\n\t\t<div class=\"wave-big wave-white\">\r\n\t\t\t<div class=\"wave-big wave-white\">\r\n\t\t\t\t<div class=\"wave-big wave-white\">\r\n\t\t\t\t\t<div class=\"wave-big wave-white\">\r\n\t\t\t\t\t\t<div class=\"wave-big wave-white\">\r\n\t\t\t\t\t\t\t<div class=\"wave-big wave-white\">\r\n\t\t\t\t\t\t\t<\/div>\r\n\t\t\t\t\t\t<\/div>\r\n\t\t\t\t\t<\/div>\r\n\t\t\t\t<\/div>\r\n\t\t\t<\/div>\t\r\n\t\t<\/div>\r\n\t<\/div>\r\n<\/div>\t\t\t\t<\/div>\n\t\t\t\t<\/div>\n\t\t<div class=\"elementor-element elementor-element-806659b e-con-full animated-slow e-flex elementor-invisible e-con e-child\" data-id=\"806659b\" data-element_type=\"container\" data-e-type=\"container\" data-settings=\"{&quot;background_background&quot;:&quot;classic&quot;,&quot;animation&quot;:&quot;fadeIn&quot;}\">\n\t\t\t\t<div class=\"elementor-element elementor-element-f8466ed elementor-widget__width-inherit elementor-widget elementor-widget-heading\" data-id=\"f8466ed\" data-element_type=\"widget\" data-e-type=\"widget\" data-widget_type=\"heading.default\">\n\t\t\t\t<div class=\"elementor-widget-container\">\n\t\t\t\t\t<h1 class=\"elementor-heading-title elementor-size-default\">Despliegue de un sistema QDM<\/h1>\t\t\t\t<\/div>\n\t\t\t\t<\/div>\n\t\t\t\t<\/div>\n\t\t<div class=\"elementor-element elementor-element-891e0f4 e-con-full e-flex e-con e-child\" data-id=\"891e0f4\" data-element_type=\"container\" data-e-type=\"container\">\n\t\t\t\t<\/div>\n\t\t\t\t\t<\/div>\n\t\t\t\t<\/div>\n\t\t\t\t<\/div>\n\t\t<\/div>\n\t\t\t\t\t\t<\/div>\n\t\t\t\t<\/div>\n\t\t\t\t<\/div>\n\t\t<div class=\"elementor-element elementor-element-fd8d008 padding-section e-flex e-con-boxed e-con e-parent\" data-id=\"fd8d008\" data-element_type=\"container\" data-e-type=\"container\">\n\t\t\t\t\t<div class=\"e-con-inner\">\n\t\t\t\t<div class=\"elementor-element elementor-element-3d1ec7c elementor-widget elementor-widget-heading\" data-id=\"3d1ec7c\" data-element_type=\"widget\" data-e-type=\"widget\" data-widget_type=\"heading.default\">\n\t\t\t\t<div class=\"elementor-widget-container\">\n\t\t\t\t\t<h2 class=\"elementor-heading-title elementor-size-default\">Hay tres niveles de QDM para empezar, y cada uno se puede hacer en tu sede o en la Nube :<\/h2>\t\t\t\t<\/div>\n\t\t\t\t<\/div>\n\t\t\t\t\t<\/div>\n\t\t\t\t<\/div>\n\t\t<div class=\"elementor-element elementor-element-08e9d19 e-con-full e-flex e-con e-parent\" data-id=\"08e9d19\" data-element_type=\"container\" data-e-type=\"container\" data-settings=\"{&quot;background_background&quot;:&quot;classic&quot;}\">\n\t\t<div class=\"elementor-element elementor-element-cccfe5c e-con-full e-flex e-con e-child\" data-id=\"cccfe5c\" data-element_type=\"container\" data-e-type=\"container\">\n\t\t\t\t<div class=\"elementor-element elementor-element-5510ce4 elementor-widget__width-initial elementor-widget elementor-widget-image\" data-id=\"5510ce4\" data-element_type=\"widget\" data-e-type=\"widget\" data-widget_type=\"image.default\">\n\t\t\t\t<div class=\"elementor-widget-container\">\n\t\t\t\t\t\t\t\t\t\t\t\t\t\t\t<img decoding=\"async\" width=\"720\" height=\"552\" src=\"https:\/\/www.metrologicdcs.com\/wp-content\/uploads\/qdm-system-basic-deployment.webp\" class=\"attachment-large size-large wp-image-19380999\" alt=\"\" srcset=\"https:\/\/www.metrologicdcs.com\/wp-content\/uploads\/qdm-system-basic-deployment.webp 720w, https:\/\/www.metrologicdcs.com\/wp-content\/uploads\/qdm-system-basic-deployment-600x460.webp 600w, https:\/\/www.metrologicdcs.com\/wp-content\/uploads\/qdm-system-basic-deployment-391x300.webp 391w\" sizes=\"(max-width: 720px) 100vw, 720px\" \/>\t\t\t\t\t\t\t\t\t\t\t\t\t\t\t<\/div>\n\t\t\t\t<\/div>\n\t\t\t\t<div class=\"elementor-element elementor-element-007ddf8 elementor-widget__width-initial elementor-widget elementor-widget-image\" data-id=\"007ddf8\" data-element_type=\"widget\" data-e-type=\"widget\" data-widget_type=\"image.default\">\n\t\t\t\t<div class=\"elementor-widget-container\">\n\t\t\t\t\t\t\t\t\t\t\t\t\t\t\t<img decoding=\"async\" width=\"720\" height=\"397\" src=\"https:\/\/www.metrologicdcs.com\/wp-content\/uploads\/qdm-plant-level-deployment-qms.webp\" class=\"attachment-large size-large wp-image-19381000\" alt=\"\" srcset=\"https:\/\/www.metrologicdcs.com\/wp-content\/uploads\/qdm-plant-level-deployment-qms.webp 720w, https:\/\/www.metrologicdcs.com\/wp-content\/uploads\/qdm-plant-level-deployment-qms-600x331.webp 600w, https:\/\/www.metrologicdcs.com\/wp-content\/uploads\/qdm-plant-level-deployment-qms-400x221.webp 400w\" sizes=\"(max-width: 720px) 100vw, 720px\" \/>\t\t\t\t\t\t\t\t\t\t\t\t\t\t\t<\/div>\n\t\t\t\t<\/div>\n\t\t\t\t<div class=\"elementor-element elementor-element-1ad994f elementor-widget__width-initial elementor-widget elementor-widget-image\" data-id=\"1ad994f\" data-element_type=\"widget\" data-e-type=\"widget\" data-widget_type=\"image.default\">\n\t\t\t\t<div class=\"elementor-widget-container\">\n\t\t\t\t\t\t\t\t\t\t\t\t\t\t\t<img decoding=\"async\" width=\"660\" height=\"457\" src=\"https:\/\/www.metrologicdcs.com\/wp-content\/uploads\/qdm-system-enterprise-level-deployment.webp\" class=\"attachment-large size-large wp-image-19381001\" alt=\"\" srcset=\"https:\/\/www.metrologicdcs.com\/wp-content\/uploads\/qdm-system-enterprise-level-deployment.webp 660w, https:\/\/www.metrologicdcs.com\/wp-content\/uploads\/qdm-system-enterprise-level-deployment-600x415.webp 600w, https:\/\/www.metrologicdcs.com\/wp-content\/uploads\/qdm-system-enterprise-level-deployment-400x277.webp 400w\" sizes=\"(max-width: 660px) 100vw, 660px\" \/>\t\t\t\t\t\t\t\t\t\t\t\t\t\t\t<\/div>\n\t\t\t\t<\/div>\n\t\t\t\t<\/div>\n\t\t\t\t<\/div>\n\t\t<div class=\"elementor-element elementor-element-84c97f5 padding-section e-flex e-con-boxed e-con e-parent\" data-id=\"84c97f5\" data-element_type=\"container\" data-e-type=\"container\">\n\t\t\t\t\t<div class=\"e-con-inner\">\n\t\t\t\t<div class=\"elementor-element elementor-element-604b5d9 elementor-widget elementor-widget-heading\" data-id=\"604b5d9\" data-element_type=\"widget\" data-e-type=\"widget\" data-widget_type=\"heading.default\">\n\t\t\t\t<div class=\"elementor-widget-container\">\n\t\t\t\t\t<h2 class=\"elementor-heading-title elementor-size-default\">Elige el sistema de arranque que mejor se adapte a ti<\/h2>\t\t\t\t<\/div>\n\t\t\t\t<\/div>\n\t\t\t\t<div class=\"elementor-element elementor-element-cf2bbb9 elementor-widget elementor-widget-text-editor\" data-id=\"cf2bbb9\" data-element_type=\"widget\" data-e-type=\"widget\" data-widget_type=\"text-editor.default\">\n\t\t\t\t<div class=\"elementor-widget-container\">\n\t\t\t\t\t\t\t\t\t<p>Elige un sistema preconfigurado o crea uno a partir de una selecci\u00f3n de m\u00f3dulos configurables. QDM te permite crear una plataforma adecuada para tu organizaci\u00f3n, y luego hacerla crecer seg\u00fan tus necesidades. <\/p>\t\t\t\t\t\t\t\t<\/div>\n\t\t\t\t<\/div>\n\t\t\t\t\t<\/div>\n\t\t\t\t<\/div>\n\t\t\t\t<\/div>\n\t\t","protected":false},"excerpt":{"rendered":"<p>Hay tres niveles de QDM para empezar, y cada uno se puede hacer en tu sede o en la Nube : Elige el sistema de arranque que mejor se adapte a ti Elige un sistema preconfigurado o crea uno a partir de una selecci\u00f3n de m\u00f3dulos configurables. QDM te permite crear una plataforma adecuada para [&hellip;]<\/p>\n","protected":false},"author":2,"featured_media":0,"parent":0,"menu_order":0,"comment_status":"closed","ping_status":"closed","template":"elementor_header_footer","meta":{"_acf_changed":false,"footnotes":""},"categories":[],"class_list":["post-19381015","page","type-page","status-publish","hentry"],"acf":[],"_links":{"self":[{"href":"https:\/\/www.metrologicdcs.com\/es\/wp-json\/wp\/v2\/pages\/19381015","targetHints":{"allow":["GET"]}}],"collection":[{"href":"https:\/\/www.metrologicdcs.com\/es\/wp-json\/wp\/v2\/pages"}],"about":[{"href":"https:\/\/www.metrologicdcs.com\/es\/wp-json\/wp\/v2\/types\/page"}],"author":[{"embeddable":true,"href":"https:\/\/www.metrologicdcs.com\/es\/wp-json\/wp\/v2\/users\/2"}],"replies":[{"embeddable":true,"href":"https:\/\/www.metrologicdcs.com\/es\/wp-json\/wp\/v2\/comments?post=19381015"}],"version-history":[{"count":1,"href":"https:\/\/www.metrologicdcs.com\/es\/wp-json\/wp\/v2\/pages\/19381015\/revisions"}],"predecessor-version":[{"id":19381025,"href":"https:\/\/www.metrologicdcs.com\/es\/wp-json\/wp\/v2\/pages\/19381015\/revisions\/19381025"}],"wp:attachment":[{"href":"https:\/\/www.metrologicdcs.com\/es\/wp-json\/wp\/v2\/media?parent=19381015"}],"wp:term":[{"taxonomy":"category","embeddable":true,"href":"https:\/\/www.metrologicdcs.com\/es\/wp-json\/wp\/v2\/categories?post=19381015"}],"curies":[{"name":"wp","href":"https:\/\/api.w.org\/{rel}","templated":true}]}}