{"id":19373713,"date":"2025-03-03T11:04:14","date_gmt":"2025-03-03T10:04:14","guid":{"rendered":"https:\/\/www.metrologicdcs.com\/planificacion-de-la-ruta-de-inspeccion\/"},"modified":"2026-02-24T14:31:25","modified_gmt":"2026-02-24T13:31:25","slug":"ruta-de-inspeccion","status":"publish","type":"page","link":"https:\/\/www.metrologicdcs.com\/es\/ruta-de-inspeccion\/","title":{"rendered":"Planificaci\u00f3n de la ruta de inspecci\u00f3n"},"content":{"rendered":"\t\t<div data-elementor-type=\"wp-page\" data-elementor-id=\"19373713\" class=\"elementor elementor-19373713 elementor-862\" data-elementor-post-type=\"page\">\n\t\t\t\t<div class=\"elementor-element elementor-element-22e5206 padding-section e-flex e-con-boxed e-con e-parent\" data-id=\"22e5206\" data-element_type=\"container\" data-e-type=\"container\" data-settings=\"{&quot;background_background&quot;:&quot;classic&quot;}\">\n\t\t\t\t\t<div class=\"e-con-inner\">\n\t\t<div class=\"elementor-element elementor-element-148cd47 e-con-full e-flex e-con e-child\" data-id=\"148cd47\" data-element_type=\"container\" data-e-type=\"container\" data-settings=\"{&quot;background_background&quot;:&quot;classic&quot;}\">\n\t\t\t\t<div class=\"elementor-element elementor-element-fb38f79 elementor-widget__width-inherit elementor-widget elementor-widget-heading\" data-id=\"fb38f79\" data-element_type=\"widget\" data-e-type=\"widget\" data-widget_type=\"heading.default\">\n\t\t\t\t<div class=\"elementor-widget-container\">\n\t\t\t\t\t<h1 class=\"elementor-heading-title elementor-size-default\">Genera trayectorias de medici\u00f3n inteligentes en unos pocos clics<\/h1>\t\t\t\t<\/div>\n\t\t\t\t<\/div>\n\t\t\t\t<div class=\"elementor-element elementor-element-e794861 elementor-icon-list--layout-traditional elementor-list-item-link-full_width elementor-widget elementor-widget-icon-list\" data-id=\"e794861\" data-element_type=\"widget\" data-e-type=\"widget\" data-widget_type=\"icon-list.default\">\n\t\t\t\t<div class=\"elementor-widget-container\">\n\t\t\t\t\t\t\t<ul class=\"elementor-icon-list-items\">\n\t\t\t\t\t\t\t<li class=\"elementor-icon-list-item\">\n\t\t\t\t\t\t\t\t\t\t\t<span class=\"elementor-icon-list-icon\">\n\t\t\t\t\t\t\t<svg xmlns=\"http:\/\/www.w3.org\/2000\/svg\" viewBox=\"1.4210854715202004e-14 8.881784197001252e-15 6.674726492613843 6.674726492613841\" width=\"30\" height=\"30\"><path fill-rule=\"evenodd\" fill=\"#acacac\" d=\"m3.3 2.5q0.2 0 0.4 0.1 0.2 0.1 0.3 0.3 0.2 0.2 0.2 0.4 0 0.2-0.1 0.4-0.1 0.2-0.3 0.3-0.2 0.2-0.5 0.2-0.2 0-0.4-0.1-0.1-0.1-0.2-0.3-0.2-0.2-0.2-0.5 0-0.1 0.1-0.3 0.1-0.2 0.3-0.4 0.2-0.1 0.4-0.1zm0 0.2q-0.1 0-0.2 0.1-0.2 0-0.3 0.1-0.1 0.2-0.1 0.4 0 0.2 0.1 0.3 0 0.1 0.1 0.2 0.2 0.2 0.4 0.2 0.2 0 0.3-0.1 0.2-0.1 0.2-0.2 0.2-0.2 0.2-0.4 0-0.1-0.1-0.2-0.1-0.2-0.2-0.3-0.2-0.1-0.4-0.1z\"><\/path><path fill-rule=\"evenodd\" d=\"m0 0l6.7 6.7z\"><\/path><\/svg>\t\t\t\t\t\t<\/span>\n\t\t\t\t\t\t\t\t\t\t<span class=\"elementor-icon-list-text\">Reduce el tiempo de programaci\u00f3n hasta un 60% con la detecci\u00f3n y evitaci\u00f3n autom\u00e1ticas de colisiones, la orientaci\u00f3n de la sonda y la selecci\u00f3n de herramientas.<\/span>\n\t\t\t\t\t\t\t\t\t<\/li>\n\t\t\t\t\t\t\t\t<li class=\"elementor-icon-list-item\">\n\t\t\t\t\t\t\t\t\t\t\t<span class=\"elementor-icon-list-icon\">\n\t\t\t\t\t\t\t<svg xmlns=\"http:\/\/www.w3.org\/2000\/svg\" viewBox=\"1.4210854715202004e-14 8.881784197001252e-15 6.674726492613843 6.674726492613841\" width=\"30\" height=\"30\"><path fill-rule=\"evenodd\" fill=\"#acacac\" d=\"m3.3 2.5q0.2 0 0.4 0.1 0.2 0.1 0.3 0.3 0.2 0.2 0.2 0.4 0 0.2-0.1 0.4-0.1 0.2-0.3 0.3-0.2 0.2-0.5 0.2-0.2 0-0.4-0.1-0.1-0.1-0.2-0.3-0.2-0.2-0.2-0.5 0-0.1 0.1-0.3 0.1-0.2 0.3-0.4 0.2-0.1 0.4-0.1zm0 0.2q-0.1 0-0.2 0.1-0.2 0-0.3 0.1-0.1 0.2-0.1 0.4 0 0.2 0.1 0.3 0 0.1 0.1 0.2 0.2 0.2 0.4 0.2 0.2 0 0.3-0.1 0.2-0.1 0.2-0.2 0.2-0.2 0.2-0.4 0-0.1-0.1-0.2-0.1-0.2-0.2-0.3-0.2-0.1-0.4-0.1z\"><\/path><path fill-rule=\"evenodd\" d=\"m0 0l6.7 6.7z\"><\/path><\/svg>\t\t\t\t\t\t<\/span>\n\t\t\t\t\t\t\t\t\t\t<span class=\"elementor-icon-list-text\">Trayectorias optimizadas para MMC, sensores \u00f3pticos y programas conformes con GD&amp;T.<\/span>\n\t\t\t\t\t\t\t\t\t<\/li>\n\t\t\t\t\t\t<\/ul>\n\t\t\t\t\t\t<\/div>\n\t\t\t\t<\/div>\n\t\t\t\t<div class=\"elementor-element elementor-element-7ec09cc elementor-mobile-align-justify elementor-widget elementor-widget-button\" data-id=\"7ec09cc\" data-element_type=\"widget\" data-e-type=\"widget\" data-widget_type=\"button.default\">\n\t\t\t\t<div class=\"elementor-widget-container\">\n\t\t\t\t\t\t\t\t\t<div class=\"elementor-button-wrapper\">\n\t\t\t\t\t<a class=\"elementor-button elementor-button-link elementor-size-sm\" href=\"https:\/\/www.metrologicdcs.com\/es\/solicita-una-demostracion\/\">\n\t\t\t\t\t\t<span class=\"elementor-button-content-wrapper\">\n\t\t\t\t\t\t<span class=\"elementor-button-icon\">\n\t\t\t\t<svg aria-hidden=\"true\" class=\"e-font-icon-svg e-fas-chevron-right\" viewBox=\"0 0 320 512\" xmlns=\"http:\/\/www.w3.org\/2000\/svg\"><path d=\"M285.476 272.971L91.132 467.314c-9.373 9.373-24.569 9.373-33.941 0l-22.667-22.667c-9.357-9.357-9.375-24.522-.04-33.901L188.505 256 34.484 101.255c-9.335-9.379-9.317-24.544.04-33.901l22.667-22.667c9.373-9.373 24.569-9.373 33.941 0L285.475 239.03c9.373 9.372 9.373 24.568.001 33.941z\"><\/path><\/svg>\t\t\t<\/span>\n\t\t\t\t\t\t\t\t\t<span class=\"elementor-button-text\">Pide tu demostraci\u00f3n gratuita<\/span>\n\t\t\t\t\t<\/span>\n\t\t\t\t\t<\/a>\n\t\t\t\t<\/div>\n\t\t\t\t\t\t\t\t<\/div>\n\t\t\t\t<\/div>\n\t\t\t\t<\/div>\n\t\t\t\t\t<\/div>\n\t\t\t\t<\/div>\n\t\t<div class=\"elementor-element elementor-element-4adc3ac padding-section e-flex e-con-boxed e-con e-parent\" data-id=\"4adc3ac\" data-element_type=\"container\" data-e-type=\"container\" data-settings=\"{&quot;background_background&quot;:&quot;classic&quot;}\">\n\t\t\t\t\t<div class=\"e-con-inner\">\n\t\t<div class=\"elementor-element elementor-element-38e9016 e-con-full e-flex e-con e-child\" data-id=\"38e9016\" data-element_type=\"container\" data-e-type=\"container\" data-settings=\"{&quot;background_background&quot;:&quot;classic&quot;}\">\n\t\t\t\t<div class=\"elementor-element elementor-element-7ea1181 elementor-widget elementor-widget-image\" data-id=\"7ea1181\" data-element_type=\"widget\" data-e-type=\"widget\" data-widget_type=\"image.default\">\n\t\t\t\t<div class=\"elementor-widget-container\">\n\t\t\t\t\t\t\t\t\t\t\t\t\t\t\t<img decoding=\"async\" width=\"1400\" height=\"758\" src=\"https:\/\/www.metrologicdcs.com\/wp-content\/uploads\/Silma-path-planning-05-1400.webp\" class=\"attachment-full size-full wp-image-19373715\" alt=\"\" srcset=\"https:\/\/www.metrologicdcs.com\/wp-content\/uploads\/Silma-path-planning-05-1400.webp 1400w, https:\/\/www.metrologicdcs.com\/wp-content\/uploads\/Silma-path-planning-05-1400-600x325.webp 600w, https:\/\/www.metrologicdcs.com\/wp-content\/uploads\/Silma-path-planning-05-1400-1024x554.webp 1024w, https:\/\/www.metrologicdcs.com\/wp-content\/uploads\/Silma-path-planning-05-1400-400x217.webp 400w, https:\/\/www.metrologicdcs.com\/wp-content\/uploads\/Silma-path-planning-05-1400-768x416.webp 768w\" sizes=\"(max-width: 1400px) 100vw, 1400px\" \/>\t\t\t\t\t\t\t\t\t\t\t\t\t\t\t<\/div>\n\t\t\t\t<\/div>\n\t\t\t\t<\/div>\n\t\t<div class=\"elementor-element elementor-element-20d096c e-con-full box-align-left e-flex e-con e-child\" data-id=\"20d096c\" data-element_type=\"container\" data-e-type=\"container\">\n\t\t\t\t<div class=\"elementor-element elementor-element-4e00bc2 elementor-widget elementor-widget-heading\" data-id=\"4e00bc2\" data-element_type=\"widget\" data-e-type=\"widget\" data-widget_type=\"heading.default\">\n\t\t\t\t<div class=\"elementor-widget-container\">\n\t\t\t\t\t<h2 class=\"elementor-heading-title elementor-size-default\">Programaci\u00f3n mejor, m\u00e1s r\u00e1pida y sin errores<\/h2>\t\t\t\t<\/div>\n\t\t\t\t<\/div>\n\t\t\t\t<div class=\"elementor-element elementor-element-0ca7dec elementor-position-inline-start elementor-mobile-position-inline-start elementor-view-default elementor-widget elementor-widget-icon-box\" data-id=\"0ca7dec\" data-element_type=\"widget\" data-e-type=\"widget\" data-widget_type=\"icon-box.default\">\n\t\t\t\t<div class=\"elementor-widget-container\">\n\t\t\t\t\t\t\t<div class=\"elementor-icon-box-wrapper\">\n\n\t\t\t\t\t\t<div class=\"elementor-icon-box-icon\">\n\t\t\t\t<span  class=\"elementor-icon\">\n\t\t\t\t<svg xmlns=\"http:\/\/www.w3.org\/2000\/svg\" viewBox=\"1.4210854715202004e-14 8.881784197001252e-15 6.674726492613843 6.674726492613841\" width=\"30\" height=\"30\"><path fill-rule=\"evenodd\" fill=\"#acacac\" d=\"m3.3 2.5q0.2 0 0.4 0.1 0.2 0.1 0.3 0.3 0.2 0.2 0.2 0.4 0 0.2-0.1 0.4-0.1 0.2-0.3 0.3-0.2 0.2-0.5 0.2-0.2 0-0.4-0.1-0.1-0.1-0.2-0.3-0.2-0.2-0.2-0.5 0-0.1 0.1-0.3 0.1-0.2 0.3-0.4 0.2-0.1 0.4-0.1zm0 0.2q-0.1 0-0.2 0.1-0.2 0-0.3 0.1-0.1 0.2-0.1 0.4 0 0.2 0.1 0.3 0 0.1 0.1 0.2 0.2 0.2 0.4 0.2 0.2 0 0.3-0.1 0.2-0.1 0.2-0.2 0.2-0.2 0.2-0.4 0-0.1-0.1-0.2-0.1-0.2-0.2-0.3-0.2-0.1-0.4-0.1z\"><\/path><path fill-rule=\"evenodd\" d=\"m0 0l6.7 6.7z\"><\/path><\/svg>\t\t\t\t<\/span>\n\t\t\t<\/div>\n\t\t\t\n\t\t\t\t\t\t<div class=\"elementor-icon-box-content\">\n\n\t\t\t\t\t\t\t\t\t<div class=\"elementor-icon-box-title\">\n\t\t\t\t\t\t<span  >\n\t\t\t\t\t\t\tAumento de la productividad y aceleraci\u00f3n de la programaci\u00f3n\t\t\t\t\t\t<\/span>\n\t\t\t\t\t<\/div>\n\t\t\t\t\n\t\t\t\t\t\t\t\t\t<p class=\"elementor-icon-box-description\">\n\t\t\t\t\t\tEl m\u00f3dulo de <strong>Planificaci\u00f3n de Trayectorias de Inspecci\u00f3n de Silma <\/strong>mejora significativamente la productividad al reducir el tiempo de programaci\u00f3n hasta un 60%. Con unos pocos clics, puedes crear programas robustos, fiables y sin colisiones para tus MMC. \t\t\t\t\t<\/p>\n\t\t\t\t\n\t\t\t<\/div>\n\t\t\t\n\t\t<\/div>\n\t\t\t\t\t\t<\/div>\n\t\t\t\t<\/div>\n\t\t\t\t<div class=\"elementor-element elementor-element-af4f8bd elementor-position-inline-start elementor-mobile-position-inline-start elementor-view-default elementor-widget elementor-widget-icon-box\" data-id=\"af4f8bd\" data-element_type=\"widget\" data-e-type=\"widget\" data-widget_type=\"icon-box.default\">\n\t\t\t\t<div class=\"elementor-widget-container\">\n\t\t\t\t\t\t\t<div class=\"elementor-icon-box-wrapper\">\n\n\t\t\t\t\t\t<div class=\"elementor-icon-box-icon\">\n\t\t\t\t<span  class=\"elementor-icon\">\n\t\t\t\t<svg xmlns=\"http:\/\/www.w3.org\/2000\/svg\" viewBox=\"1.4210854715202004e-14 8.881784197001252e-15 6.674726492613843 6.674726492613841\" width=\"30\" height=\"30\"><path fill-rule=\"evenodd\" fill=\"#acacac\" d=\"m3.3 2.5q0.2 0 0.4 0.1 0.2 0.1 0.3 0.3 0.2 0.2 0.2 0.4 0 0.2-0.1 0.4-0.1 0.2-0.3 0.3-0.2 0.2-0.5 0.2-0.2 0-0.4-0.1-0.1-0.1-0.2-0.3-0.2-0.2-0.2-0.5 0-0.1 0.1-0.3 0.1-0.2 0.3-0.4 0.2-0.1 0.4-0.1zm0 0.2q-0.1 0-0.2 0.1-0.2 0-0.3 0.1-0.1 0.2-0.1 0.4 0 0.2 0.1 0.3 0 0.1 0.1 0.2 0.2 0.2 0.4 0.2 0.2 0 0.3-0.1 0.2-0.1 0.2-0.2 0.2-0.2 0.2-0.4 0-0.1-0.1-0.2-0.1-0.2-0.2-0.3-0.2-0.1-0.4-0.1z\"><\/path><path fill-rule=\"evenodd\" d=\"m0 0l6.7 6.7z\"><\/path><\/svg>\t\t\t\t<\/span>\n\t\t\t<\/div>\n\t\t\t\n\t\t\t\t\t\t<div class=\"elementor-icon-box-content\">\n\n\t\t\t\t\t\t\t\t\t<div class=\"elementor-icon-box-title\">\n\t\t\t\t\t\t<span  >\n\t\t\t\t\t\t\tTrayectorias optimizadas y mayor seguridad\t\t\t\t\t\t<\/span>\n\t\t\t\t\t<\/div>\n\t\t\t\t\n\t\t\t\t\t\t\t\t\t<p class=\"elementor-icon-box-description\">\n\t\t\t\t\t\t<strong>Optimiza autom\u00e1ticamente las trayectorias de las<\/strong> herramientas, ya sea para sondas o sensores \u00f3pticos. El m\u00f3dulo gestiona la detecci\u00f3n y evitaci\u00f3n de colisiones, la orientaci\u00f3n de las sondas y la selecci\u00f3n autom\u00e1tica de herramientas, para conseguir trayectorias seguras y eficientes. \t\t\t\t\t<\/p>\n\t\t\t\t\n\t\t\t<\/div>\n\t\t\t\n\t\t<\/div>\n\t\t\t\t\t\t<\/div>\n\t\t\t\t<\/div>\n\t\t\t\t<div class=\"elementor-element elementor-element-fd234eb elementor-position-inline-start elementor-mobile-position-inline-start elementor-view-default elementor-widget elementor-widget-icon-box\" data-id=\"fd234eb\" data-element_type=\"widget\" data-e-type=\"widget\" data-widget_type=\"icon-box.default\">\n\t\t\t\t<div class=\"elementor-widget-container\">\n\t\t\t\t\t\t\t<div class=\"elementor-icon-box-wrapper\">\n\n\t\t\t\t\t\t<div class=\"elementor-icon-box-icon\">\n\t\t\t\t<span  class=\"elementor-icon\">\n\t\t\t\t<svg xmlns=\"http:\/\/www.w3.org\/2000\/svg\" viewBox=\"1.4210854715202004e-14 8.881784197001252e-15 6.674726492613843 6.674726492613841\" width=\"30\" height=\"30\"><path fill-rule=\"evenodd\" fill=\"#acacac\" d=\"m3.3 2.5q0.2 0 0.4 0.1 0.2 0.1 0.3 0.3 0.2 0.2 0.2 0.4 0 0.2-0.1 0.4-0.1 0.2-0.3 0.3-0.2 0.2-0.5 0.2-0.2 0-0.4-0.1-0.1-0.1-0.2-0.3-0.2-0.2-0.2-0.5 0-0.1 0.1-0.3 0.1-0.2 0.3-0.4 0.2-0.1 0.4-0.1zm0 0.2q-0.1 0-0.2 0.1-0.2 0-0.3 0.1-0.1 0.2-0.1 0.4 0 0.2 0.1 0.3 0 0.1 0.1 0.2 0.2 0.2 0.4 0.2 0.2 0 0.3-0.1 0.2-0.1 0.2-0.2 0.2-0.2 0.2-0.4 0-0.1-0.1-0.2-0.1-0.2-0.2-0.3-0.2-0.1-0.4-0.1z\"><\/path><path fill-rule=\"evenodd\" d=\"m0 0l6.7 6.7z\"><\/path><\/svg>\t\t\t\t<\/span>\n\t\t\t<\/div>\n\t\t\t\n\t\t\t\t\t\t<div class=\"elementor-icon-box-content\">\n\n\t\t\t\t\t\t\t\t\t<div class=\"elementor-icon-box-title\">\n\t\t\t\t\t\t<span  >\n\t\t\t\t\t\t\tNormalizaci\u00f3n mediante reglas de medici\u00f3n y GD&amp;T\t\t\t\t\t\t<\/span>\n\t\t\t\t\t<\/div>\n\t\t\t\t\n\t\t\t\t\t\t\t\t\t<p class=\"elementor-icon-box-description\">\n\t\t\t\t\t\tIntegra <strong>reglas de medici\u00f3n espec\u00edficas y tolerancias geom\u00e9tricas<\/strong> (GD&amp;T) para normalizar tus procesos de inspecci\u00f3n. Cada programa puede adaptarse para cumplir los requisitos industriales de calidad y conformidad. \t\t\t\t\t<\/p>\n\t\t\t\t\n\t\t\t<\/div>\n\t\t\t\n\t\t<\/div>\n\t\t\t\t\t\t<\/div>\n\t\t\t\t<\/div>\n\t\t\t\t<\/div>\n\t\t\t\t\t<\/div>\n\t\t\t\t<\/div>\n\t\t<div class=\"elementor-element elementor-element-333a285 padding-section e-flex e-con-boxed e-con e-parent\" data-id=\"333a285\" data-element_type=\"container\" data-e-type=\"container\">\n\t\t\t\t\t<div class=\"e-con-inner\">\n\t\t\t\t<div class=\"elementor-element elementor-element-96e1b0b elementor-absolute elementor-widget elementor-widget-html\" data-id=\"96e1b0b\" data-element_type=\"widget\" data-e-type=\"widget\" data-settings=\"{&quot;_position&quot;:&quot;absolute&quot;}\" data-widget_type=\"html.default\">\n\t\t\t\t<div class=\"elementor-widget-container\">\n\t\t\t\t\t<div class=\"wave-big\"><\/div>\n<div class=\"wave-big\"><\/div>\n<div class=\"wave-big\"><\/div>\n<div class=\"wave-big\"><\/div>\t\t\t\t<\/div>\n\t\t\t\t<\/div>\n\t\t<div class=\"elementor-element elementor-element-863c964 e-con-full box-align-left e-flex e-con e-child\" data-id=\"863c964\" data-element_type=\"container\" data-e-type=\"container\">\n\t\t\t\t<div class=\"elementor-element elementor-element-6f2010f elementor-widget elementor-widget-heading\" data-id=\"6f2010f\" data-element_type=\"widget\" data-e-type=\"widget\" data-widget_type=\"heading.default\">\n\t\t\t\t<div class=\"elementor-widget-container\">\n\t\t\t\t\t<h2 class=\"elementor-heading-title elementor-size-default\">Programas inteligentes para mejorar la productividad<\/h2>\t\t\t\t<\/div>\n\t\t\t\t<\/div>\n\t\t\t\t<div class=\"elementor-element elementor-element-51c9d97 elementor-icon-list--layout-traditional elementor-list-item-link-full_width elementor-widget elementor-widget-icon-list\" data-id=\"51c9d97\" data-element_type=\"widget\" data-e-type=\"widget\" data-widget_type=\"icon-list.default\">\n\t\t\t\t<div class=\"elementor-widget-container\">\n\t\t\t\t\t\t\t<ul class=\"elementor-icon-list-items\">\n\t\t\t\t\t\t\t<li class=\"elementor-icon-list-item\">\n\t\t\t\t\t\t\t\t\t\t\t<span class=\"elementor-icon-list-icon\">\n\t\t\t\t\t\t\t<svg xmlns=\"http:\/\/www.w3.org\/2000\/svg\" viewBox=\"1.4210854715202004e-14 8.881784197001252e-15 6.674726492613843 6.674726492613841\" width=\"30\" height=\"30\"><path fill-rule=\"evenodd\" fill=\"#acacac\" d=\"m3.3 2.5q0.2 0 0.4 0.1 0.2 0.1 0.3 0.3 0.2 0.2 0.2 0.4 0 0.2-0.1 0.4-0.1 0.2-0.3 0.3-0.2 0.2-0.5 0.2-0.2 0-0.4-0.1-0.1-0.1-0.2-0.3-0.2-0.2-0.2-0.5 0-0.1 0.1-0.3 0.1-0.2 0.3-0.4 0.2-0.1 0.4-0.1zm0 0.2q-0.1 0-0.2 0.1-0.2 0-0.3 0.1-0.1 0.2-0.1 0.4 0 0.2 0.1 0.3 0 0.1 0.1 0.2 0.2 0.2 0.4 0.2 0.2 0 0.3-0.1 0.2-0.1 0.2-0.2 0.2-0.2 0.2-0.4 0-0.1-0.1-0.2-0.1-0.2-0.2-0.3-0.2-0.1-0.4-0.1z\"><\/path><path fill-rule=\"evenodd\" d=\"m0 0l6.7 6.7z\"><\/path><\/svg>\t\t\t\t\t\t<\/span>\n\t\t\t\t\t\t\t\t\t\t<span class=\"elementor-icon-list-text\">Programas generados autom\u00e1ticamente en unos pocos clics.<\/span>\n\t\t\t\t\t\t\t\t\t<\/li>\n\t\t\t\t\t\t\t\t<li class=\"elementor-icon-list-item\">\n\t\t\t\t\t\t\t\t\t\t\t<span class=\"elementor-icon-list-icon\">\n\t\t\t\t\t\t\t<svg xmlns=\"http:\/\/www.w3.org\/2000\/svg\" viewBox=\"1.4210854715202004e-14 8.881784197001252e-15 6.674726492613843 6.674726492613841\" width=\"30\" height=\"30\"><path fill-rule=\"evenodd\" fill=\"#acacac\" d=\"m3.3 2.5q0.2 0 0.4 0.1 0.2 0.1 0.3 0.3 0.2 0.2 0.2 0.4 0 0.2-0.1 0.4-0.1 0.2-0.3 0.3-0.2 0.2-0.5 0.2-0.2 0-0.4-0.1-0.1-0.1-0.2-0.3-0.2-0.2-0.2-0.5 0-0.1 0.1-0.3 0.1-0.2 0.3-0.4 0.2-0.1 0.4-0.1zm0 0.2q-0.1 0-0.2 0.1-0.2 0-0.3 0.1-0.1 0.2-0.1 0.4 0 0.2 0.1 0.3 0 0.1 0.1 0.2 0.2 0.2 0.4 0.2 0.2 0 0.3-0.1 0.2-0.1 0.2-0.2 0.2-0.2 0.2-0.4 0-0.1-0.1-0.2-0.1-0.2-0.2-0.3-0.2-0.1-0.4-0.1z\"><\/path><path fill-rule=\"evenodd\" d=\"m0 0l6.7 6.7z\"><\/path><\/svg>\t\t\t\t\t\t<\/span>\n\t\t\t\t\t\t\t\t\t\t<span class=\"elementor-icon-list-text\">Trayectoria optimizada: una <strong>trayectoria de medici\u00f3n m\u00e1s r\u00e1pida<\/strong>.<\/span>\n\t\t\t\t\t\t\t\t\t<\/li>\n\t\t\t\t\t\t\t\t<li class=\"elementor-icon-list-item\">\n\t\t\t\t\t\t\t\t\t\t\t<span class=\"elementor-icon-list-icon\">\n\t\t\t\t\t\t\t<svg xmlns=\"http:\/\/www.w3.org\/2000\/svg\" viewBox=\"1.4210854715202004e-14 8.881784197001252e-15 6.674726492613843 6.674726492613841\" width=\"30\" height=\"30\"><path fill-rule=\"evenodd\" fill=\"#acacac\" d=\"m3.3 2.5q0.2 0 0.4 0.1 0.2 0.1 0.3 0.3 0.2 0.2 0.2 0.4 0 0.2-0.1 0.4-0.1 0.2-0.3 0.3-0.2 0.2-0.5 0.2-0.2 0-0.4-0.1-0.1-0.1-0.2-0.3-0.2-0.2-0.2-0.5 0-0.1 0.1-0.3 0.1-0.2 0.3-0.4 0.2-0.1 0.4-0.1zm0 0.2q-0.1 0-0.2 0.1-0.2 0-0.3 0.1-0.1 0.2-0.1 0.4 0 0.2 0.1 0.3 0 0.1 0.1 0.2 0.2 0.2 0.4 0.2 0.2 0 0.3-0.1 0.2-0.1 0.2-0.2 0.2-0.2 0.2-0.4 0-0.1-0.1-0.2-0.1-0.2-0.2-0.3-0.2-0.1-0.4-0.1z\"><\/path><path fill-rule=\"evenodd\" d=\"m0 0l6.7 6.7z\"><\/path><\/svg>\t\t\t\t\t\t<\/span>\n\t\t\t\t\t\t\t\t\t\t<span class=\"elementor-icon-list-text\">Detecci\u00f3n y evitaci\u00f3n autom\u00e1tica de colisiones. Una ruta de medici\u00f3n segura. <\/span>\n\t\t\t\t\t\t\t\t\t<\/li>\n\t\t\t\t\t\t\t\t<li class=\"elementor-icon-list-item\">\n\t\t\t\t\t\t\t\t\t\t\t<span class=\"elementor-icon-list-icon\">\n\t\t\t\t\t\t\t<svg xmlns=\"http:\/\/www.w3.org\/2000\/svg\" viewBox=\"1.4210854715202004e-14 8.881784197001252e-15 6.674726492613843 6.674726492613841\" width=\"30\" height=\"30\"><path fill-rule=\"evenodd\" fill=\"#acacac\" d=\"m3.3 2.5q0.2 0 0.4 0.1 0.2 0.1 0.3 0.3 0.2 0.2 0.2 0.4 0 0.2-0.1 0.4-0.1 0.2-0.3 0.3-0.2 0.2-0.5 0.2-0.2 0-0.4-0.1-0.1-0.1-0.2-0.3-0.2-0.2-0.2-0.5 0-0.1 0.1-0.3 0.1-0.2 0.3-0.4 0.2-0.1 0.4-0.1zm0 0.2q-0.1 0-0.2 0.1-0.2 0-0.3 0.1-0.1 0.2-0.1 0.4 0 0.2 0.1 0.3 0 0.1 0.1 0.2 0.2 0.2 0.4 0.2 0.2 0 0.3-0.1 0.2-0.1 0.2-0.2 0.2-0.2 0.2-0.4 0-0.1-0.1-0.2-0.1-0.2-0.2-0.3-0.2-0.1-0.4-0.1z\"><\/path><path fill-rule=\"evenodd\" d=\"m0 0l6.7 6.7z\"><\/path><\/svg>\t\t\t\t\t\t<\/span>\n\t\t\t\t\t\t\t\t\t\t<span class=\"elementor-icon-list-text\">Orientaci\u00f3n de los cabezales automatizados. Optimizaci\u00f3n de las posiciones \u00fatiles de las sondas. <\/span>\n\t\t\t\t\t\t\t\t\t<\/li>\n\t\t\t\t\t\t\t\t<li class=\"elementor-icon-list-item\">\n\t\t\t\t\t\t\t\t\t\t\t<span class=\"elementor-icon-list-icon\">\n\t\t\t\t\t\t\t<svg xmlns=\"http:\/\/www.w3.org\/2000\/svg\" viewBox=\"1.4210854715202004e-14 8.881784197001252e-15 6.674726492613843 6.674726492613841\" width=\"30\" height=\"30\"><path fill-rule=\"evenodd\" fill=\"#acacac\" d=\"m3.3 2.5q0.2 0 0.4 0.1 0.2 0.1 0.3 0.3 0.2 0.2 0.2 0.4 0 0.2-0.1 0.4-0.1 0.2-0.3 0.3-0.2 0.2-0.5 0.2-0.2 0-0.4-0.1-0.1-0.1-0.2-0.3-0.2-0.2-0.2-0.5 0-0.1 0.1-0.3 0.1-0.2 0.3-0.4 0.2-0.1 0.4-0.1zm0 0.2q-0.1 0-0.2 0.1-0.2 0-0.3 0.1-0.1 0.2-0.1 0.4 0 0.2 0.1 0.3 0 0.1 0.1 0.2 0.2 0.2 0.4 0.2 0.2 0 0.3-0.1 0.2-0.1 0.2-0.2 0.2-0.2 0.2-0.4 0-0.1-0.1-0.2-0.1-0.2-0.2-0.3-0.2-0.1-0.4-0.1z\"><\/path><path fill-rule=\"evenodd\" d=\"m0 0l6.7 6.7z\"><\/path><\/svg>\t\t\t\t\t\t<\/span>\n\t\t\t\t\t\t\t\t\t\t<span class=\"elementor-icon-list-text\">Selecci\u00f3n automatizada de la herramienta de medici\u00f3n.<\/span>\n\t\t\t\t\t\t\t\t\t<\/li>\n\t\t\t\t\t\t<\/ul>\n\t\t\t\t\t\t<\/div>\n\t\t\t\t<\/div>\n\t\t\t\t<\/div>\n\t\t\t\t<div class=\"elementor-element elementor-element-8d84c36 elementor-widget__width-initial img-red-shadow elementor-widget elementor-widget-image\" data-id=\"8d84c36\" data-element_type=\"widget\" data-e-type=\"widget\" data-widget_type=\"image.default\">\n\t\t\t\t<div class=\"elementor-widget-container\">\n\t\t\t\t\t\t\t\t\t\t\t\t\t\t\t<img decoding=\"async\" width=\"900\" height=\"488\" src=\"https:\/\/www.metrologicdcs.com\/wp-content\/uploads\/0-PathPlanningCMM_Changer.webp\" class=\"attachment-full size-full wp-image-19373716\" alt=\"\" srcset=\"https:\/\/www.metrologicdcs.com\/wp-content\/uploads\/0-PathPlanningCMM_Changer.webp 900w, https:\/\/www.metrologicdcs.com\/wp-content\/uploads\/0-PathPlanningCMM_Changer-600x325.webp 600w, https:\/\/www.metrologicdcs.com\/wp-content\/uploads\/0-PathPlanningCMM_Changer-400x217.webp 400w, https:\/\/www.metrologicdcs.com\/wp-content\/uploads\/0-PathPlanningCMM_Changer-768x416.webp 768w\" sizes=\"(max-width: 900px) 100vw, 900px\" \/>\t\t\t\t\t\t\t\t\t\t\t\t\t\t\t<\/div>\n\t\t\t\t<\/div>\n\t\t\t\t\t<\/div>\n\t\t\t\t<\/div>\n\t\t<div class=\"elementor-element elementor-element-2776613 e-con-full e-flex e-con e-parent\" data-id=\"2776613\" data-element_type=\"container\" data-e-type=\"container\">\n\t\t\t\t<div class=\"elementor-element elementor-element-5a760f6 elementor-widget elementor-widget-shortcode\" data-id=\"5a760f6\" data-element_type=\"widget\" data-e-type=\"widget\" data-widget_type=\"shortcode.default\">\n\t\t\t\t<div class=\"elementor-widget-container\">\n\t\t\t\t\t\t\t<div class=\"elementor-shortcode\">\t\t<div data-elementor-type=\"section\" data-elementor-id=\"19382245\" class=\"elementor elementor-19382245 elementor-19378660 elementor-19378660\" data-elementor-post-type=\"elementor_library\">\n\t\t\t<div class=\"elementor-element elementor-element-88c271f e-flex e-con-boxed e-con e-parent\" data-id=\"88c271f\" data-element_type=\"container\" data-e-type=\"container\" data-settings=\"{&quot;background_background&quot;:&quot;gradient&quot;}\">\n\t\t\t\t\t<div class=\"e-con-inner\">\n\t\t<div class=\"elementor-element elementor-element-df759cc e-con-full padding-section e-flex e-con e-child\" data-id=\"df759cc\" data-element_type=\"container\" data-e-type=\"container\" data-settings=\"{&quot;background_background&quot;:&quot;classic&quot;}\">\n\t\t\t\t<div class=\"elementor-element elementor-element-edaf317 elementor-widget__width-inherit elementor-widget elementor-widget-heading\" data-id=\"edaf317\" data-element_type=\"widget\" data-e-type=\"widget\" data-widget_type=\"heading.default\">\n\t\t\t\t<div class=\"elementor-widget-container\">\n\t\t\t\t\t<div class=\"elementor-heading-title elementor-size-default\">\u00bfQuieres saber m\u00e1s?<\/div>\t\t\t\t<\/div>\n\t\t\t\t<\/div>\n\t\t\t\t<div class=\"elementor-element elementor-element-8c0ed57 elementor-widget__width-inherit elementor-widget elementor-widget-heading\" data-id=\"8c0ed57\" data-element_type=\"widget\" data-e-type=\"widget\" data-widget_type=\"heading.default\">\n\t\t\t\t<div class=\"elementor-widget-container\">\n\t\t\t\t\t<div class=\"elementor-heading-title elementor-size-default\">Descarga nuestro folleto de presentaci\u00f3n o solicita tu prueba gratuita<\/div>\t\t\t\t<\/div>\n\t\t\t\t<\/div>\n\t\t\t\t<div class=\"elementor-element elementor-element-190be6f request-demo elementor-widget elementor-widget-button\" data-id=\"190be6f\" data-element_type=\"widget\" data-e-type=\"widget\" data-widget_type=\"button.default\">\n\t\t\t\t<div class=\"elementor-widget-container\">\n\t\t\t\t\t\t\t\t\t<div class=\"elementor-button-wrapper\">\n\t\t\t\t\t<a class=\"elementor-button elementor-button-link elementor-size-sm\" href=\"\/brochure\/inspection-path-planning\/\">\n\t\t\t\t\t\t<span class=\"elementor-button-content-wrapper\">\n\t\t\t\t\t\t\t\t\t<span class=\"elementor-button-text\">Descarga<\/span>\n\t\t\t\t\t<\/span>\n\t\t\t\t\t<\/a>\n\t\t\t\t<\/div>\n\t\t\t\t\t\t\t\t<\/div>\n\t\t\t\t<\/div>\n\t\t\t\t<div class=\"elementor-element elementor-element-b531544 btn-light elementor-widget elementor-widget-button\" data-id=\"b531544\" data-element_type=\"widget\" data-e-type=\"widget\" data-widget_type=\"button.default\">\n\t\t\t\t<div class=\"elementor-widget-container\">\n\t\t\t\t\t\t\t\t\t<div class=\"elementor-button-wrapper\">\n\t\t\t\t\t<a class=\"elementor-button elementor-button-link elementor-size-sm\" href=\"https:\/\/www.metrologicdcs.com\/es\/solicita-una-demostracion\/\">\n\t\t\t\t\t\t<span class=\"elementor-button-content-wrapper\">\n\t\t\t\t\t\t\t\t\t<span class=\"elementor-button-text\">Consigue una demostraci\u00f3n<\/span>\n\t\t\t\t\t<\/span>\n\t\t\t\t\t<\/a>\n\t\t\t\t<\/div>\n\t\t\t\t\t\t\t\t<\/div>\n\t\t\t\t<\/div>\n\t\t\t\t<\/div>\n\t\t\t\t\t<\/div>\n\t\t\t\t<\/div>\n\t\t\t\t<\/div>\n\t\t<\/div>\n\t\t\t\t\t\t<\/div>\n\t\t\t\t<\/div>\n\t\t\t\t<\/div>\n\t\t\t\t<\/div>\n\t\t","protected":false},"excerpt":{"rendered":"<p>Genera trayectorias de medici\u00f3n inteligentes en unos pocos clics Reduce el tiempo de programaci\u00f3n hasta un 60% con la detecci\u00f3n y evitaci\u00f3n autom\u00e1ticas de colisiones, la orientaci\u00f3n de la sonda y la selecci\u00f3n de herramientas. Trayectorias optimizadas para MMC, sensores \u00f3pticos y programas conformes con GD&amp;T. Pide tu demostraci\u00f3n gratuita Programaci\u00f3n mejor, m\u00e1s r\u00e1pida y [&hellip;]<\/p>\n","protected":false},"author":2,"featured_media":0,"parent":0,"menu_order":0,"comment_status":"closed","ping_status":"closed","template":"","meta":{"_acf_changed":false,"footnotes":""},"categories":[],"class_list":["post-19373713","page","type-page","status-publish","hentry"],"acf":[],"_links":{"self":[{"href":"https:\/\/www.metrologicdcs.com\/es\/wp-json\/wp\/v2\/pages\/19373713","targetHints":{"allow":["GET"]}}],"collection":[{"href":"https:\/\/www.metrologicdcs.com\/es\/wp-json\/wp\/v2\/pages"}],"about":[{"href":"https:\/\/www.metrologicdcs.com\/es\/wp-json\/wp\/v2\/types\/page"}],"author":[{"embeddable":true,"href":"https:\/\/www.metrologicdcs.com\/es\/wp-json\/wp\/v2\/users\/2"}],"replies":[{"embeddable":true,"href":"https:\/\/www.metrologicdcs.com\/es\/wp-json\/wp\/v2\/comments?post=19373713"}],"version-history":[{"count":2,"href":"https:\/\/www.metrologicdcs.com\/es\/wp-json\/wp\/v2\/pages\/19373713\/revisions"}],"predecessor-version":[{"id":19381814,"href":"https:\/\/www.metrologicdcs.com\/es\/wp-json\/wp\/v2\/pages\/19373713\/revisions\/19381814"}],"wp:attachment":[{"href":"https:\/\/www.metrologicdcs.com\/es\/wp-json\/wp\/v2\/media?parent=19373713"}],"wp:term":[{"taxonomy":"category","embeddable":true,"href":"https:\/\/www.metrologicdcs.com\/es\/wp-json\/wp\/v2\/categories?post=19373713"}],"curies":[{"name":"wp","href":"https:\/\/api.w.org\/{rel}","templated":true}]}}